{"id":24,"date":"2019-02-20T18:29:24","date_gmt":"2019-02-20T17:29:24","guid":{"rendered":"http:\/\/bertrandallombert.com\/?page_id=24"},"modified":"2022-03-05T16:43:47","modified_gmt":"2022-03-05T15:43:47","slug":"design","status":"publish","type":"page","link":"https:\/\/bertrandallombert.com\/index.php\/design\/","title":{"rendered":"design graphique print"},"content":{"rendered":"\n<p style=\"font-size:28px\"><strong>Quelques exemples de travaux r\u00e9alis\u00e9s en print.<\/strong><\/p>\n\n\n\n<figure class=\"wp-block-image size-full\"><img loading=\"lazy\" decoding=\"async\" width=\"800\" height=\"600\" src=\"http:\/\/bertrandallombert.com\/wp-content\/uploads\/2022\/03\/fichesRAPID.jpg\" alt=\"\" class=\"wp-image-633\" srcset=\"https:\/\/bertrandallombert.com\/wp-content\/uploads\/2022\/03\/fichesRAPID.jpg 800w, https:\/\/bertrandallombert.com\/wp-content\/uploads\/2022\/03\/fichesRAPID-300x225.jpg 300w, https:\/\/bertrandallombert.com\/wp-content\/uploads\/2022\/03\/fichesRAPID-768x576.jpg 768w\" sizes=\"(max-width: 767px) 89vw, (max-width: 1000px) 54vw, (max-width: 1071px) 543px, 580px\" \/><figcaption>Fiches de pr\u00e9sentation R\u00e9gie de Quartier de Pierrefitte-sur-Seine (93)<\/figcaption><\/figure>\n\n\n\n<figure class=\"wp-block-image size-full\"><img loading=\"lazy\" decoding=\"async\" width=\"800\" height=\"582\" src=\"http:\/\/bertrandallombert.com\/wp-content\/uploads\/2022\/03\/FermeCharte.jpg\" alt=\"\" class=\"wp-image-635\" srcset=\"https:\/\/bertrandallombert.com\/wp-content\/uploads\/2022\/03\/FermeCharte.jpg 800w, https:\/\/bertrandallombert.com\/wp-content\/uploads\/2022\/03\/FermeCharte-300x218.jpg 300w, https:\/\/bertrandallombert.com\/wp-content\/uploads\/2022\/03\/FermeCharte-768x559.jpg 768w\" sizes=\"(max-width: 767px) 89vw, (max-width: 1000px) 54vw, (max-width: 1071px) 543px, 580px\" \/><figcaption>Charte graphique pour une exploitation agricole Bio<\/figcaption><\/figure>\n\n\n\n<p><\/p>\n\n\n\n<figure class=\"wp-block-image\"><img loading=\"lazy\" decoding=\"async\" width=\"800\" height=\"600\" src=\"http:\/\/bertrandallombert.com\/wp-content\/uploads\/2019\/03\/Diapositive04.jpg\" alt=\"\" class=\"wp-image-394\" srcset=\"https:\/\/bertrandallombert.com\/wp-content\/uploads\/2019\/03\/Diapositive04.jpg 800w, https:\/\/bertrandallombert.com\/wp-content\/uploads\/2019\/03\/Diapositive04-300x225.jpg 300w, https:\/\/bertrandallombert.com\/wp-content\/uploads\/2019\/03\/Diapositive04-768x576.jpg 768w\" sizes=\"(max-width: 767px) 89vw, (max-width: 1000px) 54vw, (max-width: 1071px) 543px, 580px\" \/><figcaption>Association r\u00e9f\u00e9rence de la coop\u00e9ration internationale d\u00e9centralis\u00e9e<\/figcaption><\/figure>\n\n\n\n<figure class=\"wp-block-image\"><img loading=\"lazy\" decoding=\"async\" width=\"800\" height=\"600\" src=\"http:\/\/bertrandallombert.com\/wp-content\/uploads\/2019\/03\/Diapositive02.jpg\" alt=\"\" class=\"wp-image-378\" srcset=\"https:\/\/bertrandallombert.com\/wp-content\/uploads\/2019\/03\/Diapositive02.jpg 800w, https:\/\/bertrandallombert.com\/wp-content\/uploads\/2019\/03\/Diapositive02-300x225.jpg 300w, https:\/\/bertrandallombert.com\/wp-content\/uploads\/2019\/03\/Diapositive02-768x576.jpg 768w\" sizes=\"(max-width: 767px) 89vw, (max-width: 1000px) 54vw, (max-width: 1071px) 543px, 580px\" \/><figcaption>Restaurants, caf\u00e9s, traiteurs<\/figcaption><\/figure>\n\n\n\n<figure class=\"wp-block-image\"><img loading=\"lazy\" decoding=\"async\" width=\"800\" height=\"600\" src=\"http:\/\/bertrandallombert.com\/wp-content\/uploads\/2019\/03\/Diapositive03.jpg\" alt=\"\" class=\"wp-image-395\" srcset=\"https:\/\/bertrandallombert.com\/wp-content\/uploads\/2019\/03\/Diapositive03.jpg 800w, https:\/\/bertrandallombert.com\/wp-content\/uploads\/2019\/03\/Diapositive03-300x225.jpg 300w, https:\/\/bertrandallombert.com\/wp-content\/uploads\/2019\/03\/Diapositive03-768x576.jpg 768w\" sizes=\"(max-width: 767px) 89vw, (max-width: 1000px) 54vw, (max-width: 1071px) 543px, 580px\" \/><\/figure>\n\n\n\n<figure class=\"wp-block-image\"><img loading=\"lazy\" decoding=\"async\" width=\"800\" height=\"600\" src=\"http:\/\/bertrandallombert.com\/wp-content\/uploads\/2019\/03\/Diapositive07.jpg\" alt=\"\" class=\"wp-image-391\" srcset=\"https:\/\/bertrandallombert.com\/wp-content\/uploads\/2019\/03\/Diapositive07.jpg 800w, https:\/\/bertrandallombert.com\/wp-content\/uploads\/2019\/03\/Diapositive07-300x225.jpg 300w, https:\/\/bertrandallombert.com\/wp-content\/uploads\/2019\/03\/Diapositive07-768x576.jpg 768w\" sizes=\"(max-width: 767px) 89vw, (max-width: 1000px) 54vw, (max-width: 1071px) 543px, 580px\" \/><\/figure>\n\n\n\n<figure class=\"wp-block-image\"><img loading=\"lazy\" decoding=\"async\" width=\"800\" height=\"600\" src=\"http:\/\/bertrandallombert.com\/wp-content\/uploads\/2019\/03\/Diapositive08.jpg\" alt=\"\" class=\"wp-image-390\" srcset=\"https:\/\/bertrandallombert.com\/wp-content\/uploads\/2019\/03\/Diapositive08.jpg 800w, https:\/\/bertrandallombert.com\/wp-content\/uploads\/2019\/03\/Diapositive08-300x225.jpg 300w, https:\/\/bertrandallombert.com\/wp-content\/uploads\/2019\/03\/Diapositive08-768x576.jpg 768w\" sizes=\"(max-width: 767px) 89vw, (max-width: 1000px) 54vw, (max-width: 1071px) 543px, 580px\" \/><figcaption>Pour une structure de livraison de fruits au bureau<\/figcaption><\/figure>\n\n\n\n<figure class=\"wp-block-image\"><img loading=\"lazy\" decoding=\"async\" width=\"800\" height=\"600\" src=\"http:\/\/bertrandallombert.com\/wp-content\/uploads\/2019\/03\/Diapositive09.jpg\" alt=\"\" class=\"wp-image-389\" srcset=\"https:\/\/bertrandallombert.com\/wp-content\/uploads\/2019\/03\/Diapositive09.jpg 800w, https:\/\/bertrandallombert.com\/wp-content\/uploads\/2019\/03\/Diapositive09-300x225.jpg 300w, https:\/\/bertrandallombert.com\/wp-content\/uploads\/2019\/03\/Diapositive09-768x576.jpg 768w\" sizes=\"(max-width: 767px) 89vw, (max-width: 1000px) 54vw, (max-width: 1071px) 543px, 580px\" \/><\/figure>\n\n\n\n<figure class=\"wp-block-image\"><img loading=\"lazy\" decoding=\"async\" width=\"800\" height=\"600\" src=\"http:\/\/bertrandallombert.com\/wp-content\/uploads\/2019\/03\/Diapositive05.jpg\" alt=\"\" class=\"wp-image-393\" srcset=\"https:\/\/bertrandallombert.com\/wp-content\/uploads\/2019\/03\/Diapositive05.jpg 800w, https:\/\/bertrandallombert.com\/wp-content\/uploads\/2019\/03\/Diapositive05-300x225.jpg 300w, https:\/\/bertrandallombert.com\/wp-content\/uploads\/2019\/03\/Diapositive05-768x576.jpg 768w\" sizes=\"(max-width: 767px) 89vw, (max-width: 1000px) 54vw, (max-width: 1071px) 543px, 580px\" \/><\/figure>\n\n\n\n<figure class=\"wp-block-image\"><img loading=\"lazy\" decoding=\"async\" width=\"800\" height=\"600\" src=\"http:\/\/bertrandallombert.com\/wp-content\/uploads\/2019\/03\/Diapositive06.jpg\" alt=\"\" class=\"wp-image-392\" srcset=\"https:\/\/bertrandallombert.com\/wp-content\/uploads\/2019\/03\/Diapositive06.jpg 800w, https:\/\/bertrandallombert.com\/wp-content\/uploads\/2019\/03\/Diapositive06-300x225.jpg 300w, https:\/\/bertrandallombert.com\/wp-content\/uploads\/2019\/03\/Diapositive06-768x576.jpg 768w\" sizes=\"(max-width: 767px) 89vw, (max-width: 1000px) 54vw, (max-width: 1071px) 543px, 580px\" \/><\/figure>\n\n\n\n<figure class=\"wp-block-image\"><img loading=\"lazy\" decoding=\"async\" width=\"800\" height=\"600\" src=\"http:\/\/bertrandallombert.com\/wp-content\/uploads\/2019\/03\/Diapositive10.jpg\" alt=\"\" class=\"wp-image-388\" srcset=\"https:\/\/bertrandallombert.com\/wp-content\/uploads\/2019\/03\/Diapositive10.jpg 800w, https:\/\/bertrandallombert.com\/wp-content\/uploads\/2019\/03\/Diapositive10-300x225.jpg 300w, https:\/\/bertrandallombert.com\/wp-content\/uploads\/2019\/03\/Diapositive10-768x576.jpg 768w\" sizes=\"(max-width: 767px) 89vw, (max-width: 1000px) 54vw, (max-width: 1071px) 543px, 580px\" \/><\/figure>\n\n\n\n<figure class=\"wp-block-image\"><img loading=\"lazy\" decoding=\"async\" width=\"800\" height=\"600\" src=\"http:\/\/bertrandallombert.com\/wp-content\/uploads\/2019\/03\/Diapositive11.jpg\" alt=\"\" class=\"wp-image-387\" srcset=\"https:\/\/bertrandallombert.com\/wp-content\/uploads\/2019\/03\/Diapositive11.jpg 800w, https:\/\/bertrandallombert.com\/wp-content\/uploads\/2019\/03\/Diapositive11-300x225.jpg 300w, https:\/\/bertrandallombert.com\/wp-content\/uploads\/2019\/03\/Diapositive11-768x576.jpg 768w\" sizes=\"(max-width: 767px) 89vw, (max-width: 1000px) 54vw, (max-width: 1071px) 543px, 580px\" \/><\/figure>\n\n\n\n<figure class=\"wp-block-image\"><img loading=\"lazy\" decoding=\"async\" width=\"800\" height=\"600\" src=\"http:\/\/bertrandallombert.com\/wp-content\/uploads\/2019\/03\/Diapositive12.jpg\" alt=\"\" class=\"wp-image-386\" srcset=\"https:\/\/bertrandallombert.com\/wp-content\/uploads\/2019\/03\/Diapositive12.jpg 800w, https:\/\/bertrandallombert.com\/wp-content\/uploads\/2019\/03\/Diapositive12-300x225.jpg 300w, https:\/\/bertrandallombert.com\/wp-content\/uploads\/2019\/03\/Diapositive12-768x576.jpg 768w\" sizes=\"(max-width: 767px) 89vw, (max-width: 1000px) 54vw, (max-width: 1071px) 543px, 580px\" \/><\/figure>\n\n\n\n<figure class=\"wp-block-image\"><img loading=\"lazy\" decoding=\"async\" width=\"800\" height=\"600\" src=\"http:\/\/bertrandallombert.com\/wp-content\/uploads\/2019\/03\/Diapositive13.jpg\" alt=\"\" class=\"wp-image-385\" srcset=\"https:\/\/bertrandallombert.com\/wp-content\/uploads\/2019\/03\/Diapositive13.jpg 800w, https:\/\/bertrandallombert.com\/wp-content\/uploads\/2019\/03\/Diapositive13-300x225.jpg 300w, https:\/\/bertrandallombert.com\/wp-content\/uploads\/2019\/03\/Diapositive13-768x576.jpg 768w\" sizes=\"(max-width: 767px) 89vw, (max-width: 1000px) 54vw, (max-width: 1071px) 543px, 580px\" \/><\/figure>\n\n\n\n<figure class=\"wp-block-image\"><img loading=\"lazy\" decoding=\"async\" width=\"800\" height=\"600\" src=\"http:\/\/bertrandallombert.com\/wp-content\/uploads\/2019\/03\/Diapositive19.jpg\" alt=\"\" class=\"wp-image-379\" srcset=\"https:\/\/bertrandallombert.com\/wp-content\/uploads\/2019\/03\/Diapositive19.jpg 800w, https:\/\/bertrandallombert.com\/wp-content\/uploads\/2019\/03\/Diapositive19-300x225.jpg 300w, https:\/\/bertrandallombert.com\/wp-content\/uploads\/2019\/03\/Diapositive19-768x576.jpg 768w\" sizes=\"(max-width: 767px) 89vw, (max-width: 1000px) 54vw, (max-width: 1071px) 543px, 580px\" \/><\/figure>\n\n\n\n<figure class=\"wp-block-image\"><img loading=\"lazy\" decoding=\"async\" width=\"800\" height=\"600\" src=\"http:\/\/bertrandallombert.com\/wp-content\/uploads\/2019\/03\/Diapositive18.jpg\" alt=\"\" class=\"wp-image-380\" srcset=\"https:\/\/bertrandallombert.com\/wp-content\/uploads\/2019\/03\/Diapositive18.jpg 800w, https:\/\/bertrandallombert.com\/wp-content\/uploads\/2019\/03\/Diapositive18-300x225.jpg 300w, https:\/\/bertrandallombert.com\/wp-content\/uploads\/2019\/03\/Diapositive18-768x576.jpg 768w\" sizes=\"(max-width: 767px) 89vw, (max-width: 1000px) 54vw, (max-width: 1071px) 543px, 580px\" \/><\/figure>\n\n\n\n<!--nextpage-->\n\n\n\n<p><\/p>\n\n\n\n<figure class=\"wp-block-image\"><img loading=\"lazy\" decoding=\"async\" width=\"800\" height=\"600\" src=\"http:\/\/bertrandallombert.com\/wp-content\/uploads\/2019\/03\/Diapositive14.jpg\" alt=\"\" class=\"wp-image-384\" srcset=\"https:\/\/bertrandallombert.com\/wp-content\/uploads\/2019\/03\/Diapositive14.jpg 800w, https:\/\/bertrandallombert.com\/wp-content\/uploads\/2019\/03\/Diapositive14-300x225.jpg 300w, https:\/\/bertrandallombert.com\/wp-content\/uploads\/2019\/03\/Diapositive14-768x576.jpg 768w\" sizes=\"(max-width: 767px) 89vw, (max-width: 1000px) 54vw, (max-width: 1071px) 543px, 580px\" \/><\/figure>\n\n\n\n<figure class=\"wp-block-image\"><img loading=\"lazy\" decoding=\"async\" width=\"800\" height=\"600\" src=\"http:\/\/bertrandallombert.com\/wp-content\/uploads\/2019\/03\/Diapositive17.jpg\" alt=\"\" class=\"wp-image-381\" srcset=\"https:\/\/bertrandallombert.com\/wp-content\/uploads\/2019\/03\/Diapositive17.jpg 800w, https:\/\/bertrandallombert.com\/wp-content\/uploads\/2019\/03\/Diapositive17-300x225.jpg 300w, https:\/\/bertrandallombert.com\/wp-content\/uploads\/2019\/03\/Diapositive17-768x576.jpg 768w\" sizes=\"(max-width: 767px) 89vw, (max-width: 1000px) 54vw, (max-width: 1071px) 543px, 580px\" \/><\/figure>\n\n\n\n<figure class=\"wp-block-image\"><img loading=\"lazy\" decoding=\"async\" width=\"800\" height=\"600\" src=\"http:\/\/bertrandallombert.com\/wp-content\/uploads\/2019\/03\/Diapositive15.jpg\" alt=\"\" class=\"wp-image-383\" srcset=\"https:\/\/bertrandallombert.com\/wp-content\/uploads\/2019\/03\/Diapositive15.jpg 800w, https:\/\/bertrandallombert.com\/wp-content\/uploads\/2019\/03\/Diapositive15-300x225.jpg 300w, https:\/\/bertrandallombert.com\/wp-content\/uploads\/2019\/03\/Diapositive15-768x576.jpg 768w\" sizes=\"(max-width: 767px) 89vw, (max-width: 1000px) 54vw, (max-width: 1071px) 543px, 580px\" \/><\/figure>\n\n\n\n<figure class=\"wp-block-image\"><img loading=\"lazy\" decoding=\"async\" width=\"800\" height=\"600\" src=\"http:\/\/bertrandallombert.com\/wp-content\/uploads\/2019\/03\/Diapositive16.jpg\" alt=\"\" class=\"wp-image-382\" srcset=\"https:\/\/bertrandallombert.com\/wp-content\/uploads\/2019\/03\/Diapositive16.jpg 800w, https:\/\/bertrandallombert.com\/wp-content\/uploads\/2019\/03\/Diapositive16-300x225.jpg 300w, https:\/\/bertrandallombert.com\/wp-content\/uploads\/2019\/03\/Diapositive16-768x576.jpg 768w\" sizes=\"(max-width: 767px) 89vw, (max-width: 1000px) 54vw, (max-width: 1071px) 543px, 580px\" \/><\/figure>\n\n\n\n<p>Un site plus ancien cr\u00e9\u00e9 avec Adobe Flash <a href=\"http:\/\/bertrandallombert.com\/SiteFlash\/index.html\" target=\"_blank\" rel=\"noreferrer noopener\">http:\/\/bertrandallombert.com\/SiteFlash\/index.html<\/a><\/p>\n","protected":false},"excerpt":{"rendered":"<p>Quelques exemples de travaux r\u00e9alis\u00e9s en print.<\/p>\n","protected":false},"author":1,"featured_media":0,"parent":0,"menu_order":0,"comment_status":"closed","ping_status":"closed","template":"","meta":{"footnotes":""},"yoast_head":"<!-- This site is optimized with the Yoast SEO plugin v21.0 - https:\/\/yoast.com\/wordpress\/plugins\/seo\/ -->\n<title>design graphique print - Portfolio<\/title>\n<meta name=\"robots\" content=\"index, follow, max-snippet:-1, max-image-preview:large, max-video-preview:-1\" \/>\n<link rel=\"canonical\" href=\"https:\/\/bertrandallombert.com\/index.php\/design\/\" \/>\n<link rel=\"next\" href=\"https:\/\/bertrandallombert.com\/index.php\/design\/2\/\" \/>\n<meta property=\"og:locale\" content=\"en_US\" \/>\n<meta property=\"og:type\" content=\"article\" \/>\n<meta property=\"og:title\" content=\"design graphique print - Portfolio\" \/>\n<meta property=\"og:description\" content=\"Quelques exemples de travaux r\u00e9alis\u00e9s en print.\" \/>\n<meta property=\"og:url\" content=\"https:\/\/bertrandallombert.com\/index.php\/design\/\" \/>\n<meta property=\"og:site_name\" content=\"Portfolio\" \/>\n<meta property=\"article:modified_time\" content=\"2022-03-05T15:43:47+00:00\" \/>\n<meta property=\"og:image\" content=\"http:\/\/bertrandallombert.com\/wp-content\/uploads\/2022\/03\/fichesRAPID.jpg\" \/>\n<meta name=\"twitter:card\" content=\"summary_large_image\" \/>\n<script type=\"application\/ld+json\" class=\"yoast-schema-graph\">{\"@context\":\"https:\/\/schema.org\",\"@graph\":[{\"@type\":\"WebPage\",\"@id\":\"https:\/\/bertrandallombert.com\/index.php\/design\/\",\"url\":\"https:\/\/bertrandallombert.com\/index.php\/design\/\",\"name\":\"design graphique print - Portfolio\",\"isPartOf\":{\"@id\":\"http:\/\/bertrandallombert.com\/#website\"},\"datePublished\":\"2019-02-20T17:29:24+00:00\",\"dateModified\":\"2022-03-05T15:43:47+00:00\",\"inLanguage\":\"en-US\",\"potentialAction\":[{\"@type\":\"ReadAction\",\"target\":[\"https:\/\/bertrandallombert.com\/index.php\/design\/\"]}]},{\"@type\":\"WebSite\",\"@id\":\"http:\/\/bertrandallombert.com\/#website\",\"url\":\"http:\/\/bertrandallombert.com\/\",\"name\":\"Portfolio\",\"description\":\"l&#039;oignon fait la force\",\"publisher\":{\"@id\":\"http:\/\/bertrandallombert.com\/#\/schema\/person\/8589d42fc20f2eec27c9b98006a65eab\"},\"potentialAction\":[{\"@type\":\"SearchAction\",\"target\":{\"@type\":\"EntryPoint\",\"urlTemplate\":\"http:\/\/bertrandallombert.com\/?s={search_term_string}\"},\"query-input\":\"required name=search_term_string\"}],\"inLanguage\":\"en-US\"},{\"@type\":[\"Person\",\"Organization\"],\"@id\":\"http:\/\/bertrandallombert.com\/#\/schema\/person\/8589d42fc20f2eec27c9b98006a65eab\",\"name\":\"Bertrand Allombert\",\"image\":{\"@type\":\"ImageObject\",\"inLanguage\":\"en-US\",\"@id\":\"http:\/\/bertrandallombert.com\/#\/schema\/person\/image\/\",\"url\":\"http:\/\/bertrandallombert.com\/wp-content\/uploads\/2022\/07\/oignon.png\",\"contentUrl\":\"http:\/\/bertrandallombert.com\/wp-content\/uploads\/2022\/07\/oignon.png\",\"width\":300,\"height\":238,\"caption\":\"Bertrand Allombert\"},\"logo\":{\"@id\":\"http:\/\/bertrandallombert.com\/#\/schema\/person\/image\/\"},\"sameAs\":[\"https:\/\/www.linkedin.com\/in\/bertrand-allombert\/\"]}]}<\/script>\n<!-- \/ Yoast SEO plugin. -->","yoast_head_json":{"title":"design graphique print - Portfolio","robots":{"index":"index","follow":"follow","max-snippet":"max-snippet:-1","max-image-preview":"max-image-preview:large","max-video-preview":"max-video-preview:-1"},"canonical":"https:\/\/bertrandallombert.com\/index.php\/design\/","next":"https:\/\/bertrandallombert.com\/index.php\/design\/2\/","og_locale":"en_US","og_type":"article","og_title":"design graphique print - Portfolio","og_description":"Quelques exemples de travaux r\u00e9alis\u00e9s en print.","og_url":"https:\/\/bertrandallombert.com\/index.php\/design\/","og_site_name":"Portfolio","article_modified_time":"2022-03-05T15:43:47+00:00","og_image":[{"url":"http:\/\/bertrandallombert.com\/wp-content\/uploads\/2022\/03\/fichesRAPID.jpg"}],"twitter_card":"summary_large_image","schema":{"@context":"https:\/\/schema.org","@graph":[{"@type":"WebPage","@id":"https:\/\/bertrandallombert.com\/index.php\/design\/","url":"https:\/\/bertrandallombert.com\/index.php\/design\/","name":"design graphique print - Portfolio","isPartOf":{"@id":"http:\/\/bertrandallombert.com\/#website"},"datePublished":"2019-02-20T17:29:24+00:00","dateModified":"2022-03-05T15:43:47+00:00","inLanguage":"en-US","potentialAction":[{"@type":"ReadAction","target":["https:\/\/bertrandallombert.com\/index.php\/design\/"]}]},{"@type":"WebSite","@id":"http:\/\/bertrandallombert.com\/#website","url":"http:\/\/bertrandallombert.com\/","name":"Portfolio","description":"l&#039;oignon fait la force","publisher":{"@id":"http:\/\/bertrandallombert.com\/#\/schema\/person\/8589d42fc20f2eec27c9b98006a65eab"},"potentialAction":[{"@type":"SearchAction","target":{"@type":"EntryPoint","urlTemplate":"http:\/\/bertrandallombert.com\/?s={search_term_string}"},"query-input":"required name=search_term_string"}],"inLanguage":"en-US"},{"@type":["Person","Organization"],"@id":"http:\/\/bertrandallombert.com\/#\/schema\/person\/8589d42fc20f2eec27c9b98006a65eab","name":"Bertrand Allombert","image":{"@type":"ImageObject","inLanguage":"en-US","@id":"http:\/\/bertrandallombert.com\/#\/schema\/person\/image\/","url":"http:\/\/bertrandallombert.com\/wp-content\/uploads\/2022\/07\/oignon.png","contentUrl":"http:\/\/bertrandallombert.com\/wp-content\/uploads\/2022\/07\/oignon.png","width":300,"height":238,"caption":"Bertrand Allombert"},"logo":{"@id":"http:\/\/bertrandallombert.com\/#\/schema\/person\/image\/"},"sameAs":["https:\/\/www.linkedin.com\/in\/bertrand-allombert\/"]}]}},"_links":{"self":[{"href":"https:\/\/bertrandallombert.com\/index.php\/wp-json\/wp\/v2\/pages\/24"}],"collection":[{"href":"https:\/\/bertrandallombert.com\/index.php\/wp-json\/wp\/v2\/pages"}],"about":[{"href":"https:\/\/bertrandallombert.com\/index.php\/wp-json\/wp\/v2\/types\/page"}],"author":[{"embeddable":true,"href":"https:\/\/bertrandallombert.com\/index.php\/wp-json\/wp\/v2\/users\/1"}],"replies":[{"embeddable":true,"href":"https:\/\/bertrandallombert.com\/index.php\/wp-json\/wp\/v2\/comments?post=24"}],"version-history":[{"count":9,"href":"https:\/\/bertrandallombert.com\/index.php\/wp-json\/wp\/v2\/pages\/24\/revisions"}],"predecessor-version":[{"id":636,"href":"https:\/\/bertrandallombert.com\/index.php\/wp-json\/wp\/v2\/pages\/24\/revisions\/636"}],"wp:attachment":[{"href":"https:\/\/bertrandallombert.com\/index.php\/wp-json\/wp\/v2\/media?parent=24"}],"curies":[{"name":"wp","href":"https:\/\/api.w.org\/{rel}","templated":true}]}}