{"id":27,"date":"2019-02-20T18:29:24","date_gmt":"2019-02-20T17:29:24","guid":{"rendered":"http:\/\/bertrandallombert.com\/?page_id=27"},"modified":"2020-10-15T17:48:14","modified_gmt":"2020-10-15T15:48:14","slug":"scenarisation","status":"publish","type":"page","link":"https:\/\/bertrandallombert.com\/index.php\/e-learning\/scenarisation\/","title":{"rendered":"conception"},"content":{"rendered":"\n<h2 class=\"has-text-color wp-block-heading\" style=\"color:#81123c\"><strong>Sc\u00e9narisation d\u00e9coupage et textes voix off pour un projet de d\u00e9monstration pour l&#8217;UNREP<\/strong><\/h2>\n\n\n\n<p>Module de d\u00e9mo sur la taille des arbres et arbustes.<\/p>\n\n\n\n<figure class=\"wp-block-image size-large\"><img loading=\"lazy\" decoding=\"async\" width=\"1024\" height=\"814\" src=\"http:\/\/bertrandallombert.com\/wp-content\/uploads\/2020\/10\/TailleUNREP-1024x814.jpg\" alt=\"\" class=\"wp-image-608\" srcset=\"https:\/\/bertrandallombert.com\/wp-content\/uploads\/2020\/10\/TailleUNREP-1024x814.jpg 1024w, https:\/\/bertrandallombert.com\/wp-content\/uploads\/2020\/10\/TailleUNREP-300x239.jpg 300w, https:\/\/bertrandallombert.com\/wp-content\/uploads\/2020\/10\/TailleUNREP-768x611.jpg 768w, https:\/\/bertrandallombert.com\/wp-content\/uploads\/2020\/10\/TailleUNREP.jpg 1299w\" sizes=\"(max-width: 767px) 89vw, (max-width: 1000px) 54vw, (max-width: 1071px) 543px, 580px\" \/><\/figure>\n\n\n\n<h2 class=\"wp-block-heading\"><strong>Storyboard pour un module e-learning sur la r\u00e9alisation des cr\u00eapes<\/strong><\/h2>\n\n\n\n<blockquote class=\"wp-block-quote is-layout-flow wp-block-quote-is-layout-flow\"><p>R\u00e9alisation d&#8217;un storyboard d\u00e9taill\u00e9 pr\u00e9paratoire \u00e0 la production d&#8217;un module rapid learning comprenant des vid\u00e9os et des quiz formatifs.<br>Description d\u00e9taill\u00e9e des diff\u00e9rents \u00e9crans et interactions, contenus des m\u00e9dia \u00e0 incorporer dans le module, mise en page claire, compr\u00e9hensible par l&#8217;\u00e9quipe technique <br>et le client.<\/p><\/blockquote>\n\n\n\n<div class=\"wp-block-image\"><figure class=\"aligncenter size-large\"><img loading=\"lazy\" decoding=\"async\" width=\"828\" height=\"560\" src=\"http:\/\/bertrandallombert.com\/wp-content\/uploads\/2020\/05\/StoryboradBA.jpg\" alt=\"\" class=\"wp-image-452\" srcset=\"https:\/\/bertrandallombert.com\/wp-content\/uploads\/2020\/05\/StoryboradBA.jpg 828w, https:\/\/bertrandallombert.com\/wp-content\/uploads\/2020\/05\/StoryboradBA-300x203.jpg 300w, https:\/\/bertrandallombert.com\/wp-content\/uploads\/2020\/05\/StoryboradBA-768x519.jpg 768w\" sizes=\"(max-width: 767px) 89vw, (max-width: 1000px) 54vw, (max-width: 1071px) 543px, 580px\" \/><\/figure><\/div>\n\n\n\n<figure class=\"wp-block-image size-large\"><img loading=\"lazy\" decoding=\"async\" width=\"826\" height=\"569\" src=\"http:\/\/bertrandallombert.com\/wp-content\/uploads\/2020\/05\/StoryboradBA2.jpg\" alt=\"\" class=\"wp-image-454\" srcset=\"https:\/\/bertrandallombert.com\/wp-content\/uploads\/2020\/05\/StoryboradBA2.jpg 826w, https:\/\/bertrandallombert.com\/wp-content\/uploads\/2020\/05\/StoryboradBA2-300x207.jpg 300w, https:\/\/bertrandallombert.com\/wp-content\/uploads\/2020\/05\/StoryboradBA2-768x529.jpg 768w\" sizes=\"(max-width: 767px) 89vw, (max-width: 1000px) 54vw, (max-width: 1071px) 543px, 580px\" \/><\/figure>\n\n\n\n<figure class=\"wp-block-image\"><img decoding=\"async\" src=\"http:\/\/bertrandallombert.com\/wp-content\/uploads\/2019\/02\/Fichier-2S\u00e9parateur-1.png\" alt=\"\" class=\"wp-image-141\"\/><\/figure>\n\n\n\n<h1 class=\"wp-block-heading\">Sc\u00e9nario G\u00e9n\u00e9ral d&#8217;une Unit\u00e9 d&#8217;Enseignement pour un projet de formation<\/h1>\n\n\n\n<blockquote class=\"wp-block-quote is-layout-flow wp-block-quote-is-layout-flow\"><p>Projet de digitalisation d&#8217;une formation \u00e0 l&#8217;entrepreneurial culinaire. Exemple d&#8217;une semaine d&#8217;accompagnement consacr\u00e9e \u00e0 la cr\u00e9ation d&#8217;une offre commerciale de restauration. Cette unit\u00e9 est con\u00e7ue en blended learning, compos\u00e9e de modules de formation distancielle, de classes virtuelles, d&#8217;\u00e9valuations sous formes de quiz, sondages, devoirs \u00e0 rendre, et de travaux pratiques en pr\u00e9sentiel.<\/p><\/blockquote>\n\n\n\n<figure class=\"wp-block-image size-large\"><img loading=\"lazy\" decoding=\"async\" width=\"820\" height=\"572\" src=\"http:\/\/bertrandallombert.com\/wp-content\/uploads\/2020\/05\/SG7.jpg\" alt=\"\" class=\"wp-image-461\" srcset=\"https:\/\/bertrandallombert.com\/wp-content\/uploads\/2020\/05\/SG7.jpg 820w, https:\/\/bertrandallombert.com\/wp-content\/uploads\/2020\/05\/SG7-300x209.jpg 300w, https:\/\/bertrandallombert.com\/wp-content\/uploads\/2020\/05\/SG7-768x536.jpg 768w\" sizes=\"(max-width: 767px) 89vw, (max-width: 1000px) 54vw, (max-width: 1071px) 543px, 580px\" \/><\/figure>\n\n\n\n<p class=\"has-medium-font-size\">Voici un bref aper\u00e7u de l&#8217;organisation du dispositif original \u00e0 digitaliser <\/p>\n\n\n\n<p><a href=\"http:\/\/harmolyt.com\/IncubateurRapide3sozi.html\">http:\/\/harmolyt.com\/IncubateurRapide3sozi.html<\/a><\/p>\n\n\n\n<figure class=\"wp-block-image\"><img decoding=\"async\" src=\"http:\/\/bertrandallombert.com\/wp-content\/uploads\/2019\/02\/Fichier-2S\u00e9parateur-1.png\" alt=\"\" class=\"wp-image-141\"\/><\/figure>\n\n\n\n<h1 class=\"wp-block-heading\">Programme de formation \u00e0 distance du logiciel Powerpoint<\/h1>\n\n\n\n<blockquote class=\"wp-block-quote is-layout-flow wp-block-quote-is-layout-flow\"><p>Projet de formation niveau &#8220;expert&#8221; reprenant la d\u00e9finition d&#8217;objectifs en reprenant la progressivit\u00e9 de l&#8217;\u00e9chelle de Bloom.<\/p><\/blockquote>\n\n\n\n<figure class=\"wp-block-image size-large\"><img loading=\"lazy\" decoding=\"async\" width=\"804\" height=\"435\" src=\"http:\/\/bertrandallombert.com\/wp-content\/uploads\/2020\/05\/ProgrammeFichier-1.jpg\" alt=\"\" class=\"wp-image-463\" srcset=\"https:\/\/bertrandallombert.com\/wp-content\/uploads\/2020\/05\/ProgrammeFichier-1.jpg 804w, https:\/\/bertrandallombert.com\/wp-content\/uploads\/2020\/05\/ProgrammeFichier-1-300x162.jpg 300w, https:\/\/bertrandallombert.com\/wp-content\/uploads\/2020\/05\/ProgrammeFichier-1-768x416.jpg 768w\" sizes=\"(max-width: 767px) 89vw, (max-width: 1000px) 54vw, (max-width: 1071px) 543px, 580px\" \/><\/figure>\n\n\n\n<figure class=\"wp-block-image\"><img decoding=\"async\" src=\"http:\/\/bertrandallombert.com\/wp-content\/uploads\/2019\/02\/Fichier-2S\u00e9parateur-1.png\" alt=\"\" class=\"wp-image-141\"\/><\/figure>\n\n\n\n<h1 class=\"wp-block-heading\">Infographie synth\u00e9tique reprenant les diagrammes de l&#8217;\u00e9chelle de Bloom et des niveaux d&#8217;\u00e9valuation de Kirkpatrick<\/h1>\n\n\n\n<blockquote class=\"wp-block-quote is-layout-flow wp-block-quote-is-layout-flow\"><p>Outils majeurs du p\u00e9dagogue, ces pense-b\u00eates sont bien utiles lorsqu&#8217;on doit concevoir une formation compl\u00e8te, un module, une capsule ou des \u00e9valuations.<\/p><p>C&#8217;est l&#8217;occasion id\u00e9ale d&#8217;allier la symbolique de l&#8217;image et la synth\u00e8se de la technique p\u00e9dagogique.<\/p><\/blockquote>\n\n\n\n<figure class=\"wp-block-image size-large\"><img loading=\"lazy\" decoding=\"async\" width=\"814\" height=\"581\" src=\"http:\/\/bertrandallombert.com\/wp-content\/uploads\/2020\/05\/Bloom.jpg\" alt=\"\" class=\"wp-image-464\" srcset=\"https:\/\/bertrandallombert.com\/wp-content\/uploads\/2020\/05\/Bloom.jpg 814w, https:\/\/bertrandallombert.com\/wp-content\/uploads\/2020\/05\/Bloom-300x214.jpg 300w, https:\/\/bertrandallombert.com\/wp-content\/uploads\/2020\/05\/Bloom-768x548.jpg 768w\" sizes=\"(max-width: 767px) 89vw, (max-width: 1000px) 54vw, (max-width: 1071px) 543px, 580px\" \/><\/figure>\n\n\n\n<figure class=\"wp-block-image size-large\"><img loading=\"lazy\" decoding=\"async\" width=\"813\" height=\"570\" src=\"http:\/\/bertrandallombert.com\/wp-content\/uploads\/2020\/05\/Kirkpatrick.jpg\" alt=\"\" class=\"wp-image-465\" srcset=\"https:\/\/bertrandallombert.com\/wp-content\/uploads\/2020\/05\/Kirkpatrick.jpg 813w, https:\/\/bertrandallombert.com\/wp-content\/uploads\/2020\/05\/Kirkpatrick-300x210.jpg 300w, https:\/\/bertrandallombert.com\/wp-content\/uploads\/2020\/05\/Kirkpatrick-768x538.jpg 768w\" sizes=\"(max-width: 767px) 89vw, (max-width: 1000px) 54vw, (max-width: 1071px) 543px, 580px\" \/><\/figure>\n\n\n\n<h2 class=\"wp-block-heading\">Infographie sur la &#8220;plus value du tutorat \u00e0 distance&#8221;<\/h2>\n\n\n\n<blockquote class=\"wp-block-quote is-layout-flow wp-block-quote-is-layout-flow\"><p>mind map <\/p><\/blockquote>\n\n\n\n<figure class=\"wp-block-image is-resized\"><img loading=\"lazy\" decoding=\"async\" src=\"http:\/\/bertrandallombert.com\/wp-content\/uploads\/2019\/03\/PlusValueTuteur.jpg\" alt=\"\" class=\"wp-image-375\" width=\"705\" height=\"487\" srcset=\"https:\/\/bertrandallombert.com\/wp-content\/uploads\/2019\/03\/PlusValueTuteur.jpg 899w, https:\/\/bertrandallombert.com\/wp-content\/uploads\/2019\/03\/PlusValueTuteur-300x208.jpg 300w, https:\/\/bertrandallombert.com\/wp-content\/uploads\/2019\/03\/PlusValueTuteur-768x531.jpg 768w\" sizes=\"(max-width: 705px) 100vw, 705px\" \/><\/figure>\n","protected":false},"excerpt":{"rendered":"<p>Sc\u00e9narisation d\u00e9coupage et textes voix off pour un projet de d\u00e9monstration pour l&#8217;UNREP Module de d\u00e9mo sur la taille des arbres et arbustes. Storyboard pour un module e-learning sur la r\u00e9alisation des cr\u00eapes R\u00e9alisation d&#8217;un storyboard d\u00e9taill\u00e9 pr\u00e9paratoire \u00e0 la production d&#8217;un module rapid learning comprenant des vid\u00e9os et des quiz formatifs.Description d\u00e9taill\u00e9e des diff\u00e9rents &hellip; <\/p>\n<p class=\"link-more\"><a href=\"https:\/\/bertrandallombert.com\/index.php\/e-learning\/scenarisation\/\" class=\"more-link\">Continue reading<span class=\"screen-reader-text\"> &#8220;conception&#8221;<\/span><\/a><\/p>\n","protected":false},"author":1,"featured_media":0,"parent":26,"menu_order":0,"comment_status":"closed","ping_status":"closed","template":"","meta":{"footnotes":""},"yoast_head":"<!-- This site is optimized with the Yoast SEO plugin v21.0 - https:\/\/yoast.com\/wordpress\/plugins\/seo\/ -->\n<title>conception - Portfolio<\/title>\n<meta name=\"robots\" content=\"index, follow, max-snippet:-1, max-image-preview:large, max-video-preview:-1\" \/>\n<link rel=\"canonical\" href=\"https:\/\/bertrandallombert.com\/index.php\/e-learning\/scenarisation\/\" \/>\n<meta property=\"og:locale\" content=\"en_US\" \/>\n<meta property=\"og:type\" content=\"article\" \/>\n<meta property=\"og:title\" content=\"conception - Portfolio\" \/>\n<meta property=\"og:description\" content=\"Sc\u00e9narisation d\u00e9coupage et textes voix off pour un projet de d\u00e9monstration pour l&#8217;UNREP Module de d\u00e9mo sur la taille des arbres et arbustes. Storyboard pour un module e-learning sur la r\u00e9alisation des cr\u00eapes R\u00e9alisation d&#8217;un storyboard d\u00e9taill\u00e9 pr\u00e9paratoire \u00e0 la production d&#8217;un module rapid learning comprenant des vid\u00e9os et des quiz formatifs.Description d\u00e9taill\u00e9e des diff\u00e9rents &hellip; Continue reading &quot;conception&quot;\" \/>\n<meta property=\"og:url\" content=\"https:\/\/bertrandallombert.com\/index.php\/e-learning\/scenarisation\/\" \/>\n<meta property=\"og:site_name\" content=\"Portfolio\" \/>\n<meta property=\"article:modified_time\" content=\"2020-10-15T15:48:14+00:00\" \/>\n<meta property=\"og:image\" content=\"http:\/\/bertrandallombert.com\/wp-content\/uploads\/2020\/10\/TailleUNREP-1024x814.jpg\" \/>\n<meta name=\"twitter:card\" content=\"summary_large_image\" \/>\n<meta name=\"twitter:label1\" content=\"Est. reading time\" \/>\n\t<meta name=\"twitter:data1\" content=\"1 minute\" \/>\n<script type=\"application\/ld+json\" class=\"yoast-schema-graph\">{\"@context\":\"https:\/\/schema.org\",\"@graph\":[{\"@type\":\"WebPage\",\"@id\":\"https:\/\/bertrandallombert.com\/index.php\/e-learning\/scenarisation\/\",\"url\":\"https:\/\/bertrandallombert.com\/index.php\/e-learning\/scenarisation\/\",\"name\":\"conception - Portfolio\",\"isPartOf\":{\"@id\":\"http:\/\/bertrandallombert.com\/#website\"},\"datePublished\":\"2019-02-20T17:29:24+00:00\",\"dateModified\":\"2020-10-15T15:48:14+00:00\",\"breadcrumb\":{\"@id\":\"https:\/\/bertrandallombert.com\/index.php\/e-learning\/scenarisation\/#breadcrumb\"},\"inLanguage\":\"en-US\",\"potentialAction\":[{\"@type\":\"ReadAction\",\"target\":[\"https:\/\/bertrandallombert.com\/index.php\/e-learning\/scenarisation\/\"]}]},{\"@type\":\"BreadcrumbList\",\"@id\":\"https:\/\/bertrandallombert.com\/index.php\/e-learning\/scenarisation\/#breadcrumb\",\"itemListElement\":[{\"@type\":\"ListItem\",\"position\":1,\"name\":\"Accueil\",\"item\":\"https:\/\/bertrandallombert.com\/\"},{\"@type\":\"ListItem\",\"position\":2,\"name\":\"e-learning\",\"item\":\"https:\/\/bertrandallombert.com\/index.php\/e-learning\/\"},{\"@type\":\"ListItem\",\"position\":3,\"name\":\"conception\"}]},{\"@type\":\"WebSite\",\"@id\":\"http:\/\/bertrandallombert.com\/#website\",\"url\":\"http:\/\/bertrandallombert.com\/\",\"name\":\"Portfolio\",\"description\":\"l&#039;oignon fait la force\",\"publisher\":{\"@id\":\"http:\/\/bertrandallombert.com\/#\/schema\/person\/8589d42fc20f2eec27c9b98006a65eab\"},\"potentialAction\":[{\"@type\":\"SearchAction\",\"target\":{\"@type\":\"EntryPoint\",\"urlTemplate\":\"http:\/\/bertrandallombert.com\/?s={search_term_string}\"},\"query-input\":\"required name=search_term_string\"}],\"inLanguage\":\"en-US\"},{\"@type\":[\"Person\",\"Organization\"],\"@id\":\"http:\/\/bertrandallombert.com\/#\/schema\/person\/8589d42fc20f2eec27c9b98006a65eab\",\"name\":\"Bertrand Allombert\",\"image\":{\"@type\":\"ImageObject\",\"inLanguage\":\"en-US\",\"@id\":\"http:\/\/bertrandallombert.com\/#\/schema\/person\/image\/\",\"url\":\"http:\/\/bertrandallombert.com\/wp-content\/uploads\/2022\/07\/oignon.png\",\"contentUrl\":\"http:\/\/bertrandallombert.com\/wp-content\/uploads\/2022\/07\/oignon.png\",\"width\":300,\"height\":238,\"caption\":\"Bertrand Allombert\"},\"logo\":{\"@id\":\"http:\/\/bertrandallombert.com\/#\/schema\/person\/image\/\"},\"sameAs\":[\"https:\/\/www.linkedin.com\/in\/bertrand-allombert\/\"]}]}<\/script>\n<!-- \/ Yoast SEO plugin. -->","yoast_head_json":{"title":"conception - Portfolio","robots":{"index":"index","follow":"follow","max-snippet":"max-snippet:-1","max-image-preview":"max-image-preview:large","max-video-preview":"max-video-preview:-1"},"canonical":"https:\/\/bertrandallombert.com\/index.php\/e-learning\/scenarisation\/","og_locale":"en_US","og_type":"article","og_title":"conception - Portfolio","og_description":"Sc\u00e9narisation d\u00e9coupage et textes voix off pour un projet de d\u00e9monstration pour l&#8217;UNREP Module de d\u00e9mo sur la taille des arbres et arbustes. Storyboard pour un module e-learning sur la r\u00e9alisation des cr\u00eapes R\u00e9alisation d&#8217;un storyboard d\u00e9taill\u00e9 pr\u00e9paratoire \u00e0 la production d&#8217;un module rapid learning comprenant des vid\u00e9os et des quiz formatifs.Description d\u00e9taill\u00e9e des diff\u00e9rents &hellip; Continue reading \"conception\"","og_url":"https:\/\/bertrandallombert.com\/index.php\/e-learning\/scenarisation\/","og_site_name":"Portfolio","article_modified_time":"2020-10-15T15:48:14+00:00","og_image":[{"url":"http:\/\/bertrandallombert.com\/wp-content\/uploads\/2020\/10\/TailleUNREP-1024x814.jpg"}],"twitter_card":"summary_large_image","twitter_misc":{"Est. reading time":"1 minute"},"schema":{"@context":"https:\/\/schema.org","@graph":[{"@type":"WebPage","@id":"https:\/\/bertrandallombert.com\/index.php\/e-learning\/scenarisation\/","url":"https:\/\/bertrandallombert.com\/index.php\/e-learning\/scenarisation\/","name":"conception - Portfolio","isPartOf":{"@id":"http:\/\/bertrandallombert.com\/#website"},"datePublished":"2019-02-20T17:29:24+00:00","dateModified":"2020-10-15T15:48:14+00:00","breadcrumb":{"@id":"https:\/\/bertrandallombert.com\/index.php\/e-learning\/scenarisation\/#breadcrumb"},"inLanguage":"en-US","potentialAction":[{"@type":"ReadAction","target":["https:\/\/bertrandallombert.com\/index.php\/e-learning\/scenarisation\/"]}]},{"@type":"BreadcrumbList","@id":"https:\/\/bertrandallombert.com\/index.php\/e-learning\/scenarisation\/#breadcrumb","itemListElement":[{"@type":"ListItem","position":1,"name":"Accueil","item":"https:\/\/bertrandallombert.com\/"},{"@type":"ListItem","position":2,"name":"e-learning","item":"https:\/\/bertrandallombert.com\/index.php\/e-learning\/"},{"@type":"ListItem","position":3,"name":"conception"}]},{"@type":"WebSite","@id":"http:\/\/bertrandallombert.com\/#website","url":"http:\/\/bertrandallombert.com\/","name":"Portfolio","description":"l&#039;oignon fait la force","publisher":{"@id":"http:\/\/bertrandallombert.com\/#\/schema\/person\/8589d42fc20f2eec27c9b98006a65eab"},"potentialAction":[{"@type":"SearchAction","target":{"@type":"EntryPoint","urlTemplate":"http:\/\/bertrandallombert.com\/?s={search_term_string}"},"query-input":"required name=search_term_string"}],"inLanguage":"en-US"},{"@type":["Person","Organization"],"@id":"http:\/\/bertrandallombert.com\/#\/schema\/person\/8589d42fc20f2eec27c9b98006a65eab","name":"Bertrand Allombert","image":{"@type":"ImageObject","inLanguage":"en-US","@id":"http:\/\/bertrandallombert.com\/#\/schema\/person\/image\/","url":"http:\/\/bertrandallombert.com\/wp-content\/uploads\/2022\/07\/oignon.png","contentUrl":"http:\/\/bertrandallombert.com\/wp-content\/uploads\/2022\/07\/oignon.png","width":300,"height":238,"caption":"Bertrand Allombert"},"logo":{"@id":"http:\/\/bertrandallombert.com\/#\/schema\/person\/image\/"},"sameAs":["https:\/\/www.linkedin.com\/in\/bertrand-allombert\/"]}]}},"_links":{"self":[{"href":"https:\/\/bertrandallombert.com\/index.php\/wp-json\/wp\/v2\/pages\/27"}],"collection":[{"href":"https:\/\/bertrandallombert.com\/index.php\/wp-json\/wp\/v2\/pages"}],"about":[{"href":"https:\/\/bertrandallombert.com\/index.php\/wp-json\/wp\/v2\/types\/page"}],"author":[{"embeddable":true,"href":"https:\/\/bertrandallombert.com\/index.php\/wp-json\/wp\/v2\/users\/1"}],"replies":[{"embeddable":true,"href":"https:\/\/bertrandallombert.com\/index.php\/wp-json\/wp\/v2\/comments?post=27"}],"version-history":[{"count":15,"href":"https:\/\/bertrandallombert.com\/index.php\/wp-json\/wp\/v2\/pages\/27\/revisions"}],"predecessor-version":[{"id":609,"href":"https:\/\/bertrandallombert.com\/index.php\/wp-json\/wp\/v2\/pages\/27\/revisions\/609"}],"up":[{"embeddable":true,"href":"https:\/\/bertrandallombert.com\/index.php\/wp-json\/wp\/v2\/pages\/26"}],"wp:attachment":[{"href":"https:\/\/bertrandallombert.com\/index.php\/wp-json\/wp\/v2\/media?parent=27"}],"curies":[{"name":"wp","href":"https:\/\/api.w.org\/{rel}","templated":true}]}}