{"id":506,"date":"2020-10-07T13:41:16","date_gmt":"2020-10-07T11:41:16","guid":{"rendered":"http:\/\/bertrandallombert.com\/?page_id=506"},"modified":"2023-08-28T18:35:05","modified_gmt":"2023-08-28T16:35:05","slug":"digital","status":"publish","type":"page","link":"https:\/\/bertrandallombert.com\/index.php\/digital\/","title":{"rendered":"cr\u00e9ations visuelles digitales"},"content":{"rendered":"\n<figure class=\"wp-block-image size-full\"><img loading=\"lazy\" decoding=\"async\" width=\"631\" height=\"230\" src=\"http:\/\/bertrandallombert.com\/wp-content\/uploads\/2023\/08\/Logos.jpg\" alt=\"\" class=\"wp-image-664\" srcset=\"https:\/\/bertrandallombert.com\/wp-content\/uploads\/2023\/08\/Logos.jpg 631w, https:\/\/bertrandallombert.com\/wp-content\/uploads\/2023\/08\/Logos-300x109.jpg 300w\" sizes=\"(max-width: 631px) 100vw, 631px\" \/><\/figure>\n\n\n\n<figure class=\"wp-block-image size-full\"><img loading=\"lazy\" decoding=\"async\" width=\"1001\" height=\"733\" src=\"http:\/\/bertrandallombert.com\/wp-content\/uploads\/2023\/08\/CEFOM-Catalogue.jpg\" alt=\"\" class=\"wp-image-662\" srcset=\"https:\/\/bertrandallombert.com\/wp-content\/uploads\/2023\/08\/CEFOM-Catalogue.jpg 1001w, https:\/\/bertrandallombert.com\/wp-content\/uploads\/2023\/08\/CEFOM-Catalogue-300x220.jpg 300w, https:\/\/bertrandallombert.com\/wp-content\/uploads\/2023\/08\/CEFOM-Catalogue-768x562.jpg 768w\" sizes=\"(max-width: 767px) 89vw, (max-width: 1000px) 54vw, (max-width: 1071px) 543px, 580px\" \/><\/figure>\n\n\n\n<figure class=\"wp-block-image size-full\"><img loading=\"lazy\" decoding=\"async\" width=\"1001\" height=\"733\" src=\"http:\/\/bertrandallombert.com\/wp-content\/uploads\/2023\/08\/CEFOM-Modeles.jpg\" alt=\"\" class=\"wp-image-663\" srcset=\"https:\/\/bertrandallombert.com\/wp-content\/uploads\/2023\/08\/CEFOM-Modeles.jpg 1001w, https:\/\/bertrandallombert.com\/wp-content\/uploads\/2023\/08\/CEFOM-Modeles-300x220.jpg 300w, https:\/\/bertrandallombert.com\/wp-content\/uploads\/2023\/08\/CEFOM-Modeles-768x562.jpg 768w\" sizes=\"(max-width: 767px) 89vw, (max-width: 1000px) 54vw, (max-width: 1071px) 543px, 580px\" \/><\/figure>\n\n\n\n<figure class=\"wp-block-image size-full\"><img loading=\"lazy\" decoding=\"async\" width=\"1001\" height=\"733\" src=\"http:\/\/bertrandallombert.com\/wp-content\/uploads\/2023\/08\/CEFOM-PNF.jpg\" alt=\"\" class=\"wp-image-658\" srcset=\"https:\/\/bertrandallombert.com\/wp-content\/uploads\/2023\/08\/CEFOM-PNF.jpg 1001w, https:\/\/bertrandallombert.com\/wp-content\/uploads\/2023\/08\/CEFOM-PNF-300x220.jpg 300w, https:\/\/bertrandallombert.com\/wp-content\/uploads\/2023\/08\/CEFOM-PNF-768x562.jpg 768w\" sizes=\"(max-width: 767px) 89vw, (max-width: 1000px) 54vw, (max-width: 1071px) 543px, 580px\" \/><\/figure>\n\n\n\n<figure class=\"wp-block-image size-full\"><img loading=\"lazy\" decoding=\"async\" width=\"1000\" height=\"686\" src=\"http:\/\/bertrandallombert.com\/wp-content\/uploads\/2022\/04\/LogoGuidelinesInducate.jpg\" alt=\"\" class=\"wp-image-639\" srcset=\"https:\/\/bertrandallombert.com\/wp-content\/uploads\/2022\/04\/LogoGuidelinesInducate.jpg 1000w, https:\/\/bertrandallombert.com\/wp-content\/uploads\/2022\/04\/LogoGuidelinesInducate-300x206.jpg 300w, https:\/\/bertrandallombert.com\/wp-content\/uploads\/2022\/04\/LogoGuidelinesInducate-768x527.jpg 768w\" sizes=\"(max-width: 767px) 89vw, (max-width: 1000px) 54vw, (max-width: 1071px) 543px, 580px\" \/><\/figure>\n\n\n\n<figure class=\"wp-block-image is-resized\"><img loading=\"lazy\" decoding=\"async\" src=\"http:\/\/bertrandallombert.com\/wp-content\/uploads\/2019\/03\/Diapositive14.jpg\" alt=\"\" class=\"wp-image-384\" style=\"width:660px;height:495px\" width=\"660\" height=\"495\" srcset=\"https:\/\/bertrandallombert.com\/wp-content\/uploads\/2019\/03\/Diapositive14.jpg 800w, https:\/\/bertrandallombert.com\/wp-content\/uploads\/2019\/03\/Diapositive14-300x225.jpg 300w, https:\/\/bertrandallombert.com\/wp-content\/uploads\/2019\/03\/Diapositive14-768x576.jpg 768w\" sizes=\"(max-width: 660px) 100vw, 660px\" \/><\/figure>\n\n\n<div class=\"wp-block-image\">\n<figure class=\"alignleft size-large is-resized\"><img loading=\"lazy\" decoding=\"async\" src=\"http:\/\/bertrandallombert.com\/wp-content\/uploads\/2020\/10\/SitesWebFichier-10.png\" alt=\"\" class=\"wp-image-532\" style=\"width:240px;height:57px\" width=\"240\" height=\"57\" srcset=\"https:\/\/bertrandallombert.com\/wp-content\/uploads\/2020\/10\/SitesWebFichier-10.png 468w, https:\/\/bertrandallombert.com\/wp-content\/uploads\/2020\/10\/SitesWebFichier-10-300x71.png 300w\" sizes=\"(max-width: 240px) 100vw, 240px\" \/><\/figure><\/div>\n\n\n<figure class=\"wp-block-image\"><img loading=\"lazy\" decoding=\"async\" width=\"800\" height=\"600\" src=\"http:\/\/bertrandallombert.com\/wp-content\/uploads\/2019\/03\/Diapositive17.jpg\" alt=\"\" class=\"wp-image-381\" srcset=\"https:\/\/bertrandallombert.com\/wp-content\/uploads\/2019\/03\/Diapositive17.jpg 800w, https:\/\/bertrandallombert.com\/wp-content\/uploads\/2019\/03\/Diapositive17-300x225.jpg 300w, https:\/\/bertrandallombert.com\/wp-content\/uploads\/2019\/03\/Diapositive17-768x576.jpg 768w\" sizes=\"(max-width: 767px) 89vw, (max-width: 1000px) 54vw, (max-width: 1071px) 543px, 580px\" \/><\/figure>\n\n\n\n<figure class=\"wp-block-image\"><img loading=\"lazy\" decoding=\"async\" width=\"800\" height=\"600\" src=\"http:\/\/bertrandallombert.com\/wp-content\/uploads\/2019\/03\/Diapositive15.jpg\" alt=\"\" class=\"wp-image-383\" srcset=\"https:\/\/bertrandallombert.com\/wp-content\/uploads\/2019\/03\/Diapositive15.jpg 800w, https:\/\/bertrandallombert.com\/wp-content\/uploads\/2019\/03\/Diapositive15-300x225.jpg 300w, https:\/\/bertrandallombert.com\/wp-content\/uploads\/2019\/03\/Diapositive15-768x576.jpg 768w\" sizes=\"(max-width: 767px) 89vw, (max-width: 1000px) 54vw, (max-width: 1071px) 543px, 580px\" \/><\/figure>\n\n\n\n<figure class=\"wp-block-image\"><img loading=\"lazy\" decoding=\"async\" width=\"800\" height=\"600\" src=\"http:\/\/bertrandallombert.com\/wp-content\/uploads\/2019\/03\/Diapositive16.jpg\" alt=\"\" class=\"wp-image-382\" srcset=\"https:\/\/bertrandallombert.com\/wp-content\/uploads\/2019\/03\/Diapositive16.jpg 800w, https:\/\/bertrandallombert.com\/wp-content\/uploads\/2019\/03\/Diapositive16-300x225.jpg 300w, https:\/\/bertrandallombert.com\/wp-content\/uploads\/2019\/03\/Diapositive16-768x576.jpg 768w\" sizes=\"(max-width: 767px) 89vw, (max-width: 1000px) 54vw, (max-width: 1071px) 543px, 580px\" \/><\/figure>\n\n\n<div class=\"wp-block-image\">\n<figure class=\"alignleft size-large is-resized\"><img loading=\"lazy\" decoding=\"async\" src=\"http:\/\/bertrandallombert.com\/wp-content\/uploads\/2020\/10\/Fichier-12.png\" alt=\"\" class=\"wp-image-545\" style=\"width:390px;height:45px\" width=\"390\" height=\"45\" srcset=\"https:\/\/bertrandallombert.com\/wp-content\/uploads\/2020\/10\/Fichier-12.png 765w, https:\/\/bertrandallombert.com\/wp-content\/uploads\/2020\/10\/Fichier-12-300x35.png 300w\" sizes=\"(max-width: 390px) 100vw, 390px\" \/><\/figure><\/div>\n\n\n<p><\/p>\n\n\n\n<figure class=\"wp-block-video\"><video controls src=\"http:\/\/bertrandallombert.com\/wp-content\/uploads\/2020\/10\/VideoBienvenue2020.mp4\"><\/video><\/figure>\n\n\n\n<p>Animation pour diffusion sur \u00e9cran g\u00e9ant \u00e0 l&#8217;int\u00e9rieur de la Cit\u00e9 des Sciences et de l&#8217;Industrie \u00e0 Paris lors des 11es Rencontres de l&#8217;Action internationale des Collectivit\u00e9s Territoriales (RAICT) en Sept 2020.<br>Animation r\u00e9alis\u00e9e avec AdobeAnimate\u00a9<\/p>\n\n\n\n<figure class=\"wp-block-gallery has-nested-images columns-default is-cropped wp-block-gallery-1 is-layout-flex wp-block-gallery-is-layout-flex\">\n<figure class=\"wp-block-image size-large\"><img loading=\"lazy\" decoding=\"async\" width=\"768\" height=\"1024\" data-id=\"549\" src=\"http:\/\/bertrandallombert.com\/wp-content\/uploads\/2020\/10\/CiteDesSciences-768x1024.jpg\" alt=\"\" class=\"wp-image-549\" srcset=\"https:\/\/bertrandallombert.com\/wp-content\/uploads\/2020\/10\/CiteDesSciences-768x1024.jpg 768w, https:\/\/bertrandallombert.com\/wp-content\/uploads\/2020\/10\/CiteDesSciences-225x300.jpg 225w, https:\/\/bertrandallombert.com\/wp-content\/uploads\/2020\/10\/CiteDesSciences-1152x1536.jpg 1152w, https:\/\/bertrandallombert.com\/wp-content\/uploads\/2020\/10\/CiteDesSciences-1536x2048.jpg 1536w, https:\/\/bertrandallombert.com\/wp-content\/uploads\/2020\/10\/CiteDesSciences-scaled.jpg 1920w\" sizes=\"(max-width: 767px) 89vw, (max-width: 1000px) 54vw, (max-width: 1071px) 543px, 580px\" \/><\/figure>\n\n\n\n<figure class=\"wp-block-image size-large\"><img loading=\"lazy\" decoding=\"async\" width=\"768\" height=\"1024\" data-id=\"551\" src=\"http:\/\/bertrandallombert.com\/wp-content\/uploads\/2020\/10\/CiieVillette-768x1024.jpg\" alt=\"\" class=\"wp-image-551\" srcset=\"https:\/\/bertrandallombert.com\/wp-content\/uploads\/2020\/10\/CiieVillette-768x1024.jpg 768w, https:\/\/bertrandallombert.com\/wp-content\/uploads\/2020\/10\/CiieVillette-225x300.jpg 225w, https:\/\/bertrandallombert.com\/wp-content\/uploads\/2020\/10\/CiieVillette-1152x1536.jpg 1152w, https:\/\/bertrandallombert.com\/wp-content\/uploads\/2020\/10\/CiieVillette-1536x2048.jpg 1536w, https:\/\/bertrandallombert.com\/wp-content\/uploads\/2020\/10\/CiieVillette-scaled.jpg 1920w\" sizes=\"(max-width: 767px) 89vw, (max-width: 1000px) 54vw, (max-width: 1071px) 543px, 580px\" \/><\/figure>\n<\/figure>\n\n\n\n<figure class=\"wp-block-video\"><\/figure>\n","protected":false},"excerpt":{"rendered":"<p>Animation pour diffusion sur \u00e9cran g\u00e9ant \u00e0 l&#8217;int\u00e9rieur de la Cit\u00e9 des Sciences et de l&#8217;Industrie \u00e0 Paris lors des 11es Rencontres de l&#8217;Action internationale des Collectivit\u00e9s Territoriales (RAICT) en Sept 2020.Animation r\u00e9alis\u00e9e avec AdobeAnimate\u00a9<\/p>\n","protected":false},"author":1,"featured_media":0,"parent":0,"menu_order":0,"comment_status":"closed","ping_status":"closed","template":"","meta":{"footnotes":""},"yoast_head":"<!-- This site is optimized with the Yoast SEO plugin v21.0 - https:\/\/yoast.com\/wordpress\/plugins\/seo\/ -->\n<title>cr\u00e9ations visuelles digitales - Portfolio<\/title>\n<meta name=\"robots\" content=\"index, follow, max-snippet:-1, max-image-preview:large, max-video-preview:-1\" \/>\n<link rel=\"canonical\" href=\"https:\/\/bertrandallombert.com\/index.php\/digital\/\" \/>\n<meta property=\"og:locale\" content=\"en_US\" \/>\n<meta property=\"og:type\" content=\"article\" \/>\n<meta property=\"og:title\" content=\"cr\u00e9ations visuelles digitales - Portfolio\" \/>\n<meta property=\"og:description\" content=\"Animation pour diffusion sur \u00e9cran g\u00e9ant \u00e0 l&#8217;int\u00e9rieur de la Cit\u00e9 des Sciences et de l&#8217;Industrie \u00e0 Paris lors des 11es Rencontres de l&#8217;Action internationale des Collectivit\u00e9s Territoriales (RAICT) en Sept 2020.Animation r\u00e9alis\u00e9e avec AdobeAnimate\u00a9\" \/>\n<meta property=\"og:url\" content=\"https:\/\/bertrandallombert.com\/index.php\/digital\/\" \/>\n<meta property=\"og:site_name\" content=\"Portfolio\" \/>\n<meta property=\"article:modified_time\" content=\"2023-08-28T16:35:05+00:00\" \/>\n<meta property=\"og:image\" content=\"http:\/\/bertrandallombert.com\/wp-content\/uploads\/2023\/08\/Logos.jpg\" \/>\n<meta name=\"twitter:card\" content=\"summary_large_image\" \/>\n<meta name=\"twitter:label1\" content=\"Est. reading time\" \/>\n\t<meta name=\"twitter:data1\" content=\"3 minutes\" \/>\n<script type=\"application\/ld+json\" class=\"yoast-schema-graph\">{\"@context\":\"https:\/\/schema.org\",\"@graph\":[{\"@type\":\"WebPage\",\"@id\":\"https:\/\/bertrandallombert.com\/index.php\/digital\/\",\"url\":\"https:\/\/bertrandallombert.com\/index.php\/digital\/\",\"name\":\"cr\u00e9ations visuelles digitales - Portfolio\",\"isPartOf\":{\"@id\":\"http:\/\/bertrandallombert.com\/#website\"},\"datePublished\":\"2020-10-07T11:41:16+00:00\",\"dateModified\":\"2023-08-28T16:35:05+00:00\",\"breadcrumb\":{\"@id\":\"https:\/\/bertrandallombert.com\/index.php\/digital\/#breadcrumb\"},\"inLanguage\":\"en-US\",\"potentialAction\":[{\"@type\":\"ReadAction\",\"target\":[\"https:\/\/bertrandallombert.com\/index.php\/digital\/\"]}]},{\"@type\":\"BreadcrumbList\",\"@id\":\"https:\/\/bertrandallombert.com\/index.php\/digital\/#breadcrumb\",\"itemListElement\":[{\"@type\":\"ListItem\",\"position\":1,\"name\":\"Accueil\",\"item\":\"https:\/\/bertrandallombert.com\/\"},{\"@type\":\"ListItem\",\"position\":2,\"name\":\"cr\u00e9ations visuelles digitales\"}]},{\"@type\":\"WebSite\",\"@id\":\"http:\/\/bertrandallombert.com\/#website\",\"url\":\"http:\/\/bertrandallombert.com\/\",\"name\":\"Portfolio\",\"description\":\"l&#039;oignon fait la force\",\"publisher\":{\"@id\":\"http:\/\/bertrandallombert.com\/#\/schema\/person\/8589d42fc20f2eec27c9b98006a65eab\"},\"potentialAction\":[{\"@type\":\"SearchAction\",\"target\":{\"@type\":\"EntryPoint\",\"urlTemplate\":\"http:\/\/bertrandallombert.com\/?s={search_term_string}\"},\"query-input\":\"required name=search_term_string\"}],\"inLanguage\":\"en-US\"},{\"@type\":[\"Person\",\"Organization\"],\"@id\":\"http:\/\/bertrandallombert.com\/#\/schema\/person\/8589d42fc20f2eec27c9b98006a65eab\",\"name\":\"Bertrand Allombert\",\"image\":{\"@type\":\"ImageObject\",\"inLanguage\":\"en-US\",\"@id\":\"http:\/\/bertrandallombert.com\/#\/schema\/person\/image\/\",\"url\":\"http:\/\/bertrandallombert.com\/wp-content\/uploads\/2022\/07\/oignon.png\",\"contentUrl\":\"http:\/\/bertrandallombert.com\/wp-content\/uploads\/2022\/07\/oignon.png\",\"width\":300,\"height\":238,\"caption\":\"Bertrand Allombert\"},\"logo\":{\"@id\":\"http:\/\/bertrandallombert.com\/#\/schema\/person\/image\/\"},\"sameAs\":[\"https:\/\/www.linkedin.com\/in\/bertrand-allombert\/\"]}]}<\/script>\n<!-- \/ Yoast SEO plugin. -->","yoast_head_json":{"title":"cr\u00e9ations visuelles digitales - Portfolio","robots":{"index":"index","follow":"follow","max-snippet":"max-snippet:-1","max-image-preview":"max-image-preview:large","max-video-preview":"max-video-preview:-1"},"canonical":"https:\/\/bertrandallombert.com\/index.php\/digital\/","og_locale":"en_US","og_type":"article","og_title":"cr\u00e9ations visuelles digitales - Portfolio","og_description":"Animation pour diffusion sur \u00e9cran g\u00e9ant \u00e0 l&#8217;int\u00e9rieur de la Cit\u00e9 des Sciences et de l&#8217;Industrie \u00e0 Paris lors des 11es Rencontres de l&#8217;Action internationale des Collectivit\u00e9s Territoriales (RAICT) en Sept 2020.Animation r\u00e9alis\u00e9e avec AdobeAnimate\u00a9","og_url":"https:\/\/bertrandallombert.com\/index.php\/digital\/","og_site_name":"Portfolio","article_modified_time":"2023-08-28T16:35:05+00:00","og_image":[{"url":"http:\/\/bertrandallombert.com\/wp-content\/uploads\/2023\/08\/Logos.jpg"}],"twitter_card":"summary_large_image","twitter_misc":{"Est. reading time":"3 minutes"},"schema":{"@context":"https:\/\/schema.org","@graph":[{"@type":"WebPage","@id":"https:\/\/bertrandallombert.com\/index.php\/digital\/","url":"https:\/\/bertrandallombert.com\/index.php\/digital\/","name":"cr\u00e9ations visuelles digitales - Portfolio","isPartOf":{"@id":"http:\/\/bertrandallombert.com\/#website"},"datePublished":"2020-10-07T11:41:16+00:00","dateModified":"2023-08-28T16:35:05+00:00","breadcrumb":{"@id":"https:\/\/bertrandallombert.com\/index.php\/digital\/#breadcrumb"},"inLanguage":"en-US","potentialAction":[{"@type":"ReadAction","target":["https:\/\/bertrandallombert.com\/index.php\/digital\/"]}]},{"@type":"BreadcrumbList","@id":"https:\/\/bertrandallombert.com\/index.php\/digital\/#breadcrumb","itemListElement":[{"@type":"ListItem","position":1,"name":"Accueil","item":"https:\/\/bertrandallombert.com\/"},{"@type":"ListItem","position":2,"name":"cr\u00e9ations visuelles digitales"}]},{"@type":"WebSite","@id":"http:\/\/bertrandallombert.com\/#website","url":"http:\/\/bertrandallombert.com\/","name":"Portfolio","description":"l&#039;oignon fait la force","publisher":{"@id":"http:\/\/bertrandallombert.com\/#\/schema\/person\/8589d42fc20f2eec27c9b98006a65eab"},"potentialAction":[{"@type":"SearchAction","target":{"@type":"EntryPoint","urlTemplate":"http:\/\/bertrandallombert.com\/?s={search_term_string}"},"query-input":"required name=search_term_string"}],"inLanguage":"en-US"},{"@type":["Person","Organization"],"@id":"http:\/\/bertrandallombert.com\/#\/schema\/person\/8589d42fc20f2eec27c9b98006a65eab","name":"Bertrand Allombert","image":{"@type":"ImageObject","inLanguage":"en-US","@id":"http:\/\/bertrandallombert.com\/#\/schema\/person\/image\/","url":"http:\/\/bertrandallombert.com\/wp-content\/uploads\/2022\/07\/oignon.png","contentUrl":"http:\/\/bertrandallombert.com\/wp-content\/uploads\/2022\/07\/oignon.png","width":300,"height":238,"caption":"Bertrand Allombert"},"logo":{"@id":"http:\/\/bertrandallombert.com\/#\/schema\/person\/image\/"},"sameAs":["https:\/\/www.linkedin.com\/in\/bertrand-allombert\/"]}]}},"_links":{"self":[{"href":"https:\/\/bertrandallombert.com\/index.php\/wp-json\/wp\/v2\/pages\/506"}],"collection":[{"href":"https:\/\/bertrandallombert.com\/index.php\/wp-json\/wp\/v2\/pages"}],"about":[{"href":"https:\/\/bertrandallombert.com\/index.php\/wp-json\/wp\/v2\/types\/page"}],"author":[{"embeddable":true,"href":"https:\/\/bertrandallombert.com\/index.php\/wp-json\/wp\/v2\/users\/1"}],"replies":[{"embeddable":true,"href":"https:\/\/bertrandallombert.com\/index.php\/wp-json\/wp\/v2\/comments?post=506"}],"version-history":[{"count":11,"href":"https:\/\/bertrandallombert.com\/index.php\/wp-json\/wp\/v2\/pages\/506\/revisions"}],"predecessor-version":[{"id":671,"href":"https:\/\/bertrandallombert.com\/index.php\/wp-json\/wp\/v2\/pages\/506\/revisions\/671"}],"wp:attachment":[{"href":"https:\/\/bertrandallombert.com\/index.php\/wp-json\/wp\/v2\/media?parent=506"}],"curies":[{"name":"wp","href":"https:\/\/api.w.org\/{rel}","templated":true}]}}