{"id":519,"date":"2020-10-14T17:29:47","date_gmt":"2020-10-14T15:29:47","guid":{"rendered":"http:\/\/bertrandallombert.com\/?page_id=519"},"modified":"2022-07-21T12:06:47","modified_gmt":"2022-07-21T10:06:47","slug":"design-graphique","status":"publish","type":"page","link":"https:\/\/bertrandallombert.com\/index.php\/design-graphique\/","title":{"rendered":"design graphique"},"content":{"rendered":"\n<p>Mes exp\u00e9riences professionnelles en graphisme passent par diff\u00e9rents statuts:<\/p>\n\n\n\n<p>int\u00e9gr\u00e9 dans des \u00e9quipes, <\/p>\n\n\n\n<p>des services communication externe, marketing <\/p>\n\n\n\n<p>mais aussi en freelance.<\/p>\n\n\n\n<p>Voici quelques uns des travaux les plus r\u00e9cents en<a href=\"http:\/\/bertrandallombert.com\/index.php\/design\/\"> print<\/a> et en digital.<\/p>\n\n\n\n<p>Certains sont des d\u00e9clinaisons sur diff\u00e9rents formats d&#8217;identit\u00e9s visuelles et de contenus.<\/p>\n","protected":false},"excerpt":{"rendered":"<p>Mes exp\u00e9riences professionnelles en graphisme passent par diff\u00e9rents statuts: int\u00e9gr\u00e9 dans des \u00e9quipes, des services communication externe, marketing mais aussi en freelance. Voici quelques uns des travaux les plus r\u00e9cents en print et en digital. Certains sont des d\u00e9clinaisons sur diff\u00e9rents formats d&#8217;identit\u00e9s visuelles et de contenus.<\/p>\n","protected":false},"author":1,"featured_media":0,"parent":0,"menu_order":0,"comment_status":"closed","ping_status":"closed","template":"","meta":{"footnotes":""},"yoast_head":"<!-- This site is optimized with the Yoast SEO plugin v21.0 - https:\/\/yoast.com\/wordpress\/plugins\/seo\/ -->\n<title>design graphique - Portfolio<\/title>\n<meta name=\"robots\" content=\"index, follow, max-snippet:-1, max-image-preview:large, max-video-preview:-1\" \/>\n<link rel=\"canonical\" href=\"https:\/\/bertrandallombert.com\/index.php\/design-graphique\/\" \/>\n<meta property=\"og:locale\" content=\"en_US\" \/>\n<meta property=\"og:type\" content=\"article\" \/>\n<meta property=\"og:title\" content=\"design graphique - Portfolio\" \/>\n<meta property=\"og:description\" content=\"Mes exp\u00e9riences professionnelles en graphisme passent par diff\u00e9rents statuts: int\u00e9gr\u00e9 dans des \u00e9quipes, des services communication externe, marketing mais aussi en freelance. Voici quelques uns des travaux les plus r\u00e9cents en print et en digital. Certains sont des d\u00e9clinaisons sur diff\u00e9rents formats d&#8217;identit\u00e9s visuelles et de contenus.\" \/>\n<meta property=\"og:url\" content=\"https:\/\/bertrandallombert.com\/index.php\/design-graphique\/\" \/>\n<meta property=\"og:site_name\" content=\"Portfolio\" \/>\n<meta property=\"article:modified_time\" content=\"2022-07-21T10:06:47+00:00\" \/>\n<meta name=\"twitter:card\" content=\"summary_large_image\" \/>\n<script type=\"application\/ld+json\" class=\"yoast-schema-graph\">{\"@context\":\"https:\/\/schema.org\",\"@graph\":[{\"@type\":\"WebPage\",\"@id\":\"https:\/\/bertrandallombert.com\/index.php\/design-graphique\/\",\"url\":\"https:\/\/bertrandallombert.com\/index.php\/design-graphique\/\",\"name\":\"design graphique - Portfolio\",\"isPartOf\":{\"@id\":\"http:\/\/bertrandallombert.com\/#website\"},\"datePublished\":\"2020-10-14T15:29:47+00:00\",\"dateModified\":\"2022-07-21T10:06:47+00:00\",\"breadcrumb\":{\"@id\":\"https:\/\/bertrandallombert.com\/index.php\/design-graphique\/#breadcrumb\"},\"inLanguage\":\"en-US\",\"potentialAction\":[{\"@type\":\"ReadAction\",\"target\":[\"https:\/\/bertrandallombert.com\/index.php\/design-graphique\/\"]}]},{\"@type\":\"BreadcrumbList\",\"@id\":\"https:\/\/bertrandallombert.com\/index.php\/design-graphique\/#breadcrumb\",\"itemListElement\":[{\"@type\":\"ListItem\",\"position\":1,\"name\":\"Accueil\",\"item\":\"https:\/\/bertrandallombert.com\/\"},{\"@type\":\"ListItem\",\"position\":2,\"name\":\"design graphique\"}]},{\"@type\":\"WebSite\",\"@id\":\"http:\/\/bertrandallombert.com\/#website\",\"url\":\"http:\/\/bertrandallombert.com\/\",\"name\":\"Portfolio\",\"description\":\"l&#039;oignon fait la force\",\"publisher\":{\"@id\":\"http:\/\/bertrandallombert.com\/#\/schema\/person\/8589d42fc20f2eec27c9b98006a65eab\"},\"potentialAction\":[{\"@type\":\"SearchAction\",\"target\":{\"@type\":\"EntryPoint\",\"urlTemplate\":\"http:\/\/bertrandallombert.com\/?s={search_term_string}\"},\"query-input\":\"required name=search_term_string\"}],\"inLanguage\":\"en-US\"},{\"@type\":[\"Person\",\"Organization\"],\"@id\":\"http:\/\/bertrandallombert.com\/#\/schema\/person\/8589d42fc20f2eec27c9b98006a65eab\",\"name\":\"Bertrand Allombert\",\"image\":{\"@type\":\"ImageObject\",\"inLanguage\":\"en-US\",\"@id\":\"http:\/\/bertrandallombert.com\/#\/schema\/person\/image\/\",\"url\":\"http:\/\/bertrandallombert.com\/wp-content\/uploads\/2022\/07\/oignon.png\",\"contentUrl\":\"http:\/\/bertrandallombert.com\/wp-content\/uploads\/2022\/07\/oignon.png\",\"width\":300,\"height\":238,\"caption\":\"Bertrand Allombert\"},\"logo\":{\"@id\":\"http:\/\/bertrandallombert.com\/#\/schema\/person\/image\/\"},\"sameAs\":[\"https:\/\/www.linkedin.com\/in\/bertrand-allombert\/\"]}]}<\/script>\n<!-- \/ Yoast SEO plugin. -->","yoast_head_json":{"title":"design graphique - Portfolio","robots":{"index":"index","follow":"follow","max-snippet":"max-snippet:-1","max-image-preview":"max-image-preview:large","max-video-preview":"max-video-preview:-1"},"canonical":"https:\/\/bertrandallombert.com\/index.php\/design-graphique\/","og_locale":"en_US","og_type":"article","og_title":"design graphique - Portfolio","og_description":"Mes exp\u00e9riences professionnelles en graphisme passent par diff\u00e9rents statuts: int\u00e9gr\u00e9 dans des \u00e9quipes, des services communication externe, marketing mais aussi en freelance. Voici quelques uns des travaux les plus r\u00e9cents en print et en digital. Certains sont des d\u00e9clinaisons sur diff\u00e9rents formats d&#8217;identit\u00e9s visuelles et de contenus.","og_url":"https:\/\/bertrandallombert.com\/index.php\/design-graphique\/","og_site_name":"Portfolio","article_modified_time":"2022-07-21T10:06:47+00:00","twitter_card":"summary_large_image","schema":{"@context":"https:\/\/schema.org","@graph":[{"@type":"WebPage","@id":"https:\/\/bertrandallombert.com\/index.php\/design-graphique\/","url":"https:\/\/bertrandallombert.com\/index.php\/design-graphique\/","name":"design graphique - Portfolio","isPartOf":{"@id":"http:\/\/bertrandallombert.com\/#website"},"datePublished":"2020-10-14T15:29:47+00:00","dateModified":"2022-07-21T10:06:47+00:00","breadcrumb":{"@id":"https:\/\/bertrandallombert.com\/index.php\/design-graphique\/#breadcrumb"},"inLanguage":"en-US","potentialAction":[{"@type":"ReadAction","target":["https:\/\/bertrandallombert.com\/index.php\/design-graphique\/"]}]},{"@type":"BreadcrumbList","@id":"https:\/\/bertrandallombert.com\/index.php\/design-graphique\/#breadcrumb","itemListElement":[{"@type":"ListItem","position":1,"name":"Accueil","item":"https:\/\/bertrandallombert.com\/"},{"@type":"ListItem","position":2,"name":"design graphique"}]},{"@type":"WebSite","@id":"http:\/\/bertrandallombert.com\/#website","url":"http:\/\/bertrandallombert.com\/","name":"Portfolio","description":"l&#039;oignon fait la force","publisher":{"@id":"http:\/\/bertrandallombert.com\/#\/schema\/person\/8589d42fc20f2eec27c9b98006a65eab"},"potentialAction":[{"@type":"SearchAction","target":{"@type":"EntryPoint","urlTemplate":"http:\/\/bertrandallombert.com\/?s={search_term_string}"},"query-input":"required name=search_term_string"}],"inLanguage":"en-US"},{"@type":["Person","Organization"],"@id":"http:\/\/bertrandallombert.com\/#\/schema\/person\/8589d42fc20f2eec27c9b98006a65eab","name":"Bertrand Allombert","image":{"@type":"ImageObject","inLanguage":"en-US","@id":"http:\/\/bertrandallombert.com\/#\/schema\/person\/image\/","url":"http:\/\/bertrandallombert.com\/wp-content\/uploads\/2022\/07\/oignon.png","contentUrl":"http:\/\/bertrandallombert.com\/wp-content\/uploads\/2022\/07\/oignon.png","width":300,"height":238,"caption":"Bertrand Allombert"},"logo":{"@id":"http:\/\/bertrandallombert.com\/#\/schema\/person\/image\/"},"sameAs":["https:\/\/www.linkedin.com\/in\/bertrand-allombert\/"]}]}},"_links":{"self":[{"href":"https:\/\/bertrandallombert.com\/index.php\/wp-json\/wp\/v2\/pages\/519"}],"collection":[{"href":"https:\/\/bertrandallombert.com\/index.php\/wp-json\/wp\/v2\/pages"}],"about":[{"href":"https:\/\/bertrandallombert.com\/index.php\/wp-json\/wp\/v2\/types\/page"}],"author":[{"embeddable":true,"href":"https:\/\/bertrandallombert.com\/index.php\/wp-json\/wp\/v2\/users\/1"}],"replies":[{"embeddable":true,"href":"https:\/\/bertrandallombert.com\/index.php\/wp-json\/wp\/v2\/comments?post=519"}],"version-history":[{"count":4,"href":"https:\/\/bertrandallombert.com\/index.php\/wp-json\/wp\/v2\/pages\/519\/revisions"}],"predecessor-version":[{"id":643,"href":"https:\/\/bertrandallombert.com\/index.php\/wp-json\/wp\/v2\/pages\/519\/revisions\/643"}],"wp:attachment":[{"href":"https:\/\/bertrandallombert.com\/index.php\/wp-json\/wp\/v2\/media?parent=519"}],"curies":[{"name":"wp","href":"https:\/\/api.w.org\/{rel}","templated":true}]}}