{"id":7,"date":"2019-02-20T18:29:24","date_gmt":"2019-02-20T17:29:24","guid":{"rendered":"http:\/\/bertrandallombert.com\/?page_id=7"},"modified":"2026-04-12T08:53:31","modified_gmt":"2026-04-12T06:53:31","slug":"accueil","status":"publish","type":"page","link":"https:\/\/bertrandallombert.com\/","title":{"rendered":"Accueil"},"content":{"rendered":"\n<figure class=\"wp-block-video\"><video controls src=\"http:\/\/bertrandallombert.com\/wp-content\/uploads\/2024\/07\/videoCUFVoeux2024Youtube.mp4\"><\/video><\/figure>\n\n\n\n<figure class=\"wp-block-video\"><video controls src=\"http:\/\/bertrandallombert.com\/wp-content\/uploads\/2022\/09\/02-Lexique1.mp4\"><\/video><\/figure>\n\n\n\n<figure class=\"wp-block-video\"><video controls src=\"http:\/\/bertrandallombert.com\/wp-content\/uploads\/2022\/09\/03-Lexique2.mp4\"><\/video><\/figure>\n\n\n<p>Bienvenue sur mon portfolio. Je vous propose de d\u00e9couvrir quelques un de mes travaux dans les domaines de la <span style=\"color: #993366;\"><strong>communication visuelle <\/strong><\/span>; la <strong><span style=\"color: #993366;\">conception p\u00e9dagogique<\/span><\/strong> et la<strong><span style=\"color: #993366;\"> cr\u00e9ation de contenus<\/span><\/strong> pour la formation digitale.<\/p>\n<p><a href=\"http:\/\/bertrandallombert.com\/index.php\/e-learning\/\"><strong><span style=\"color: #008080;\">Ici<\/span><\/strong> <\/a>je vous pr\u00e9sente des \u00e9l\u00e9ments et des <span style=\"color: #008080;\"><strong>modules p\u00e9dagogiques e-learning<\/strong><\/span>.<\/p>\n<\/p>\n<p>Vous trouverez <span style=\"color: #008080;\"><strong><a style=\"color: #008080;\" href=\"http:\/\/bertrandallombert.com\/index.php\/design\/\">ici<\/a> <\/strong><\/span>des exemples de <span style=\"color: #008080;\"><strong>conception graphique papier<\/strong><\/span> :<\/p>\n<ul>\n<li>logos et identit\u00e9s visuelles pour des marques ou des produits<\/li>\n<li>papeterie (cartes de visites, ent\u00eates de lettres)<\/li>\n<li>outils de communication (flyers, plaquettes, d\u00e9pliants)<\/li>\n<\/ul>\n<p>Enfin <a href=\"http:\/\/bertrandallombert.com\/index.php\/digital\/\"><span style=\"color: #008080;\"><strong>ici<\/strong><\/span><\/a> vous aurez un aper\u00e7u de quelques <strong><span style=\"color: #008080;\">cr\u00e9ations visuelles digitales<\/span><\/strong> :<\/p>\n<ul>\n<li>sites web<\/li>\n<li>pr\u00e9sentations powerpoint<\/li>\n<li>animations et vid\u00e9os<\/li>\n<\/ul>\n<p>Si vous avez des projets dans un de ces domaines, contactez moi.<\/p>\n<p>Bonne visite<\/p>\n\n\n<figure class=\"wp-block-image size-large\"><img loading=\"lazy\" decoding=\"async\" width=\"1024\" height=\"69\" src=\"http:\/\/bertrandallombert.com\/wp-content\/uploads\/2020\/10\/DividerFichier-4-1024x69.png\" alt=\"Bertrand Allombert Digital learning et Design graphique\" class=\"wp-image-488\" srcset=\"https:\/\/bertrandallombert.com\/wp-content\/uploads\/2020\/10\/DividerFichier-4-1024x69.png 1024w, https:\/\/bertrandallombert.com\/wp-content\/uploads\/2020\/10\/DividerFichier-4-300x20.png 300w, https:\/\/bertrandallombert.com\/wp-content\/uploads\/2020\/10\/DividerFichier-4-768x52.png 768w, https:\/\/bertrandallombert.com\/wp-content\/uploads\/2020\/10\/DividerFichier-4-1536x104.png 1536w, https:\/\/bertrandallombert.com\/wp-content\/uploads\/2020\/10\/DividerFichier-4.png 1556w\" sizes=\"(max-width: 767px) 89vw, (max-width: 1000px) 54vw, (max-width: 1071px) 543px, 580px\" \/><\/figure>\n\n\n\n<p><\/p>\n","protected":false},"excerpt":{"rendered":"<p>Bienvenue sur mon portfolio. Je vous propose de d\u00e9couvrir quelques un de mes travaux dans les domaines de la communication visuelle ; la conception p\u00e9dagogique et la cr\u00e9ation de contenus pour la formation digitale. Ici je vous pr\u00e9sente des \u00e9l\u00e9ments et des modules p\u00e9dagogiques e-learning. Vous trouverez ici des exemples de conception graphique papier : &hellip; <\/p>\n<p class=\"link-more\"><a href=\"https:\/\/bertrandallombert.com\/\" class=\"more-link\">Continue reading<span class=\"screen-reader-text\"> &#8220;Accueil&#8221;<\/span><\/a><\/p>\n","protected":false},"author":1,"featured_media":0,"parent":0,"menu_order":0,"comment_status":"closed","ping_status":"closed","template":"","meta":{"footnotes":""},"yoast_head":"<!-- This site is optimized with the Yoast SEO plugin v21.0 - https:\/\/yoast.com\/wordpress\/plugins\/seo\/ -->\n<title>Accueil - Portfolio<\/title>\n<meta name=\"description\" content=\"Pr\u00e9sentation de mon profil et de travaux dans les domaines du design graphique (papier et digital) et du digital learning (conception p\u00e9dagogique et cr\u00e9ation de contenus).\" \/>\n<meta name=\"robots\" content=\"index, follow, max-snippet:-1, max-image-preview:large, max-video-preview:-1\" \/>\n<link rel=\"canonical\" href=\"https:\/\/bertrandallombert.com\/\" \/>\n<meta property=\"og:locale\" content=\"en_US\" \/>\n<meta property=\"og:type\" content=\"article\" \/>\n<meta property=\"og:title\" content=\"Accueil - Portfolio\" \/>\n<meta property=\"og:description\" content=\"Pr\u00e9sentation de mon profil et de travaux dans les domaines du design graphique (papier et digital) et du digital learning (conception p\u00e9dagogique et cr\u00e9ation de contenus).\" \/>\n<meta property=\"og:url\" content=\"https:\/\/bertrandallombert.com\/\" \/>\n<meta property=\"og:site_name\" content=\"Portfolio\" \/>\n<meta property=\"article:modified_time\" content=\"2026-04-12T06:53:31+00:00\" \/>\n<meta property=\"og:image\" content=\"http:\/\/bertrandallombert.com\/wp-content\/uploads\/2020\/10\/DividerFichier-4-1024x69.png\" \/>\n<meta name=\"twitter:card\" content=\"summary_large_image\" \/>\n<script type=\"application\/ld+json\" class=\"yoast-schema-graph\">{\"@context\":\"https:\/\/schema.org\",\"@graph\":[{\"@type\":\"WebPage\",\"@id\":\"https:\/\/bertrandallombert.com\/\",\"url\":\"https:\/\/bertrandallombert.com\/\",\"name\":\"Accueil - Portfolio\",\"isPartOf\":{\"@id\":\"http:\/\/bertrandallombert.com\/#website\"},\"datePublished\":\"2019-02-20T17:29:24+00:00\",\"dateModified\":\"2026-04-12T06:53:31+00:00\",\"description\":\"Pr\u00e9sentation de mon profil et de travaux dans les domaines du design graphique (papier et digital) et du digital learning (conception p\u00e9dagogique et cr\u00e9ation de contenus).\",\"breadcrumb\":{\"@id\":\"https:\/\/bertrandallombert.com\/#breadcrumb\"},\"inLanguage\":\"en-US\",\"potentialAction\":[{\"@type\":\"ReadAction\",\"target\":[\"https:\/\/bertrandallombert.com\/\"]}]},{\"@type\":\"BreadcrumbList\",\"@id\":\"https:\/\/bertrandallombert.com\/#breadcrumb\",\"itemListElement\":[{\"@type\":\"ListItem\",\"position\":1,\"name\":\"Accueil\",\"item\":\"https:\/\/bertrandallombert.com\/\"},{\"@type\":\"ListItem\",\"position\":2,\"name\":\"Accueil\"}]},{\"@type\":\"WebSite\",\"@id\":\"http:\/\/bertrandallombert.com\/#website\",\"url\":\"http:\/\/bertrandallombert.com\/\",\"name\":\"Portfolio\",\"description\":\"l&#039;oignon fait la force\",\"publisher\":{\"@id\":\"http:\/\/bertrandallombert.com\/#\/schema\/person\/8589d42fc20f2eec27c9b98006a65eab\"},\"potentialAction\":[{\"@type\":\"SearchAction\",\"target\":{\"@type\":\"EntryPoint\",\"urlTemplate\":\"http:\/\/bertrandallombert.com\/?s={search_term_string}\"},\"query-input\":\"required name=search_term_string\"}],\"inLanguage\":\"en-US\"},{\"@type\":[\"Person\",\"Organization\"],\"@id\":\"http:\/\/bertrandallombert.com\/#\/schema\/person\/8589d42fc20f2eec27c9b98006a65eab\",\"name\":\"Bertrand Allombert\",\"image\":{\"@type\":\"ImageObject\",\"inLanguage\":\"en-US\",\"@id\":\"http:\/\/bertrandallombert.com\/#\/schema\/person\/image\/\",\"url\":\"http:\/\/bertrandallombert.com\/wp-content\/uploads\/2022\/07\/oignon.png\",\"contentUrl\":\"http:\/\/bertrandallombert.com\/wp-content\/uploads\/2022\/07\/oignon.png\",\"width\":300,\"height\":238,\"caption\":\"Bertrand Allombert\"},\"logo\":{\"@id\":\"http:\/\/bertrandallombert.com\/#\/schema\/person\/image\/\"},\"sameAs\":[\"https:\/\/www.linkedin.com\/in\/bertrand-allombert\/\"]}]}<\/script>\n<!-- \/ Yoast SEO plugin. -->","yoast_head_json":{"title":"Accueil - Portfolio","description":"Pr\u00e9sentation de mon profil et de travaux dans les domaines du design graphique (papier et digital) et du digital learning (conception p\u00e9dagogique et cr\u00e9ation de contenus).","robots":{"index":"index","follow":"follow","max-snippet":"max-snippet:-1","max-image-preview":"max-image-preview:large","max-video-preview":"max-video-preview:-1"},"canonical":"https:\/\/bertrandallombert.com\/","og_locale":"en_US","og_type":"article","og_title":"Accueil - Portfolio","og_description":"Pr\u00e9sentation de mon profil et de travaux dans les domaines du design graphique (papier et digital) et du digital learning (conception p\u00e9dagogique et cr\u00e9ation de contenus).","og_url":"https:\/\/bertrandallombert.com\/","og_site_name":"Portfolio","article_modified_time":"2026-04-12T06:53:31+00:00","og_image":[{"url":"http:\/\/bertrandallombert.com\/wp-content\/uploads\/2020\/10\/DividerFichier-4-1024x69.png"}],"twitter_card":"summary_large_image","schema":{"@context":"https:\/\/schema.org","@graph":[{"@type":"WebPage","@id":"https:\/\/bertrandallombert.com\/","url":"https:\/\/bertrandallombert.com\/","name":"Accueil - Portfolio","isPartOf":{"@id":"http:\/\/bertrandallombert.com\/#website"},"datePublished":"2019-02-20T17:29:24+00:00","dateModified":"2026-04-12T06:53:31+00:00","description":"Pr\u00e9sentation de mon profil et de travaux dans les domaines du design graphique (papier et digital) et du digital learning (conception p\u00e9dagogique et cr\u00e9ation de contenus).","breadcrumb":{"@id":"https:\/\/bertrandallombert.com\/#breadcrumb"},"inLanguage":"en-US","potentialAction":[{"@type":"ReadAction","target":["https:\/\/bertrandallombert.com\/"]}]},{"@type":"BreadcrumbList","@id":"https:\/\/bertrandallombert.com\/#breadcrumb","itemListElement":[{"@type":"ListItem","position":1,"name":"Accueil","item":"https:\/\/bertrandallombert.com\/"},{"@type":"ListItem","position":2,"name":"Accueil"}]},{"@type":"WebSite","@id":"http:\/\/bertrandallombert.com\/#website","url":"http:\/\/bertrandallombert.com\/","name":"Portfolio","description":"l&#039;oignon fait la force","publisher":{"@id":"http:\/\/bertrandallombert.com\/#\/schema\/person\/8589d42fc20f2eec27c9b98006a65eab"},"potentialAction":[{"@type":"SearchAction","target":{"@type":"EntryPoint","urlTemplate":"http:\/\/bertrandallombert.com\/?s={search_term_string}"},"query-input":"required name=search_term_string"}],"inLanguage":"en-US"},{"@type":["Person","Organization"],"@id":"http:\/\/bertrandallombert.com\/#\/schema\/person\/8589d42fc20f2eec27c9b98006a65eab","name":"Bertrand Allombert","image":{"@type":"ImageObject","inLanguage":"en-US","@id":"http:\/\/bertrandallombert.com\/#\/schema\/person\/image\/","url":"http:\/\/bertrandallombert.com\/wp-content\/uploads\/2022\/07\/oignon.png","contentUrl":"http:\/\/bertrandallombert.com\/wp-content\/uploads\/2022\/07\/oignon.png","width":300,"height":238,"caption":"Bertrand Allombert"},"logo":{"@id":"http:\/\/bertrandallombert.com\/#\/schema\/person\/image\/"},"sameAs":["https:\/\/www.linkedin.com\/in\/bertrand-allombert\/"]}]}},"_links":{"self":[{"href":"https:\/\/bertrandallombert.com\/index.php\/wp-json\/wp\/v2\/pages\/7"}],"collection":[{"href":"https:\/\/bertrandallombert.com\/index.php\/wp-json\/wp\/v2\/pages"}],"about":[{"href":"https:\/\/bertrandallombert.com\/index.php\/wp-json\/wp\/v2\/types\/page"}],"author":[{"embeddable":true,"href":"https:\/\/bertrandallombert.com\/index.php\/wp-json\/wp\/v2\/users\/1"}],"replies":[{"embeddable":true,"href":"https:\/\/bertrandallombert.com\/index.php\/wp-json\/wp\/v2\/comments?post=7"}],"version-history":[{"count":19,"href":"https:\/\/bertrandallombert.com\/index.php\/wp-json\/wp\/v2\/pages\/7\/revisions"}],"predecessor-version":[{"id":681,"href":"https:\/\/bertrandallombert.com\/index.php\/wp-json\/wp\/v2\/pages\/7\/revisions\/681"}],"wp:attachment":[{"href":"https:\/\/bertrandallombert.com\/index.php\/wp-json\/wp\/v2\/media?parent=7"}],"curies":[{"name":"wp","href":"https:\/\/api.w.org\/{rel}","templated":true}]}}