{"id":9,"date":"2019-02-20T18:29:24","date_gmt":"2019-02-20T17:29:24","guid":{"rendered":"http:\/\/bertrandallombert.com\/?page_id=9"},"modified":"2020-10-15T13:49:15","modified_gmt":"2020-10-15T11:49:15","slug":"contact","status":"publish","type":"page","link":"https:\/\/bertrandallombert.com\/index.php\/contact\/","title":{"rendered":"contact"},"content":{"rendered":"<p>Conception p\u00e9dagogique \u2022 R\u00e9alisation de modules e-learning \u2022&nbsp;Cr\u00e9ation graphique print et web<\/p>\n\n\n<figure class=\"wp-block-image size-large\"><img loading=\"lazy\" decoding=\"async\" width=\"607\" height=\"115\" src=\"http:\/\/bertrandallombert.com\/wp-content\/uploads\/2020\/05\/Fichier-4portrait.png\" alt=\"\" class=\"wp-image-467\" srcset=\"https:\/\/bertrandallombert.com\/wp-content\/uploads\/2020\/05\/Fichier-4portrait.png 607w, https:\/\/bertrandallombert.com\/wp-content\/uploads\/2020\/05\/Fichier-4portrait-300x57.png 300w\" sizes=\"(max-width: 607px) 100vw, 607px\" \/><\/figure>\n\n\n\n<p>J&#8217;ai con\u00e7u pendant 25 ans des supports de <strong>communication visuelle<\/strong> prints et digitaux. J&#8217;ai cr\u00e9\u00e9 en 2013 une structure d&#8217;<strong>accompagnement et de formation<\/strong> inclusive \u00e0 l&#8217;entrepreneuriat culinaire. Je suis en mesure de concevoir aujourd&#8217;hui un <strong>parcours p\u00e9dagogique mixte<\/strong> associant modalit\u00e9s pr\u00e9sentielle, distancielle, animation de classes virtuelle et d&#8217;exercices collaboratifs. Je peux aussi produire des outils de rapid learning et g\u00e9rer des projets e-learning plus importants. Je serai ravi de collaborer \u00e0 votre prochaine mission en apportant une attention toute particuli\u00e8re \u00e0 l&#8217;<strong>aspect visuel<\/strong> de votre projet. <a href=\"mailto: bertrandallombert@yahoo.com\">Contactez moi<\/a>.<\/p>\n\n\n\n<p><\/p>\n","protected":false},"excerpt":{"rendered":"<p>Conception p\u00e9dagogique \u2022 R\u00e9alisation de modules e-learning \u2022&nbsp;Cr\u00e9ation graphique print et web J&#8217;ai con\u00e7u pendant 25 ans des supports de communication visuelle prints et digitaux. J&#8217;ai cr\u00e9\u00e9 en 2013 une structure d&#8217;accompagnement et de formation inclusive \u00e0 l&#8217;entrepreneuriat culinaire. Je suis en mesure de concevoir aujourd&#8217;hui un parcours p\u00e9dagogique mixte associant modalit\u00e9s pr\u00e9sentielle, distancielle, animation &hellip; <\/p>\n<p class=\"link-more\"><a href=\"https:\/\/bertrandallombert.com\/index.php\/contact\/\" class=\"more-link\">Continue reading<span class=\"screen-reader-text\"> &#8220;contact&#8221;<\/span><\/a><\/p>\n","protected":false},"author":1,"featured_media":351,"parent":0,"menu_order":0,"comment_status":"closed","ping_status":"closed","template":"","meta":{"footnotes":""},"yoast_head":"<!-- This site is optimized with the Yoast SEO plugin v21.0 - https:\/\/yoast.com\/wordpress\/plugins\/seo\/ -->\n<title>contact - Portfolio<\/title>\n<meta name=\"robots\" content=\"index, follow, max-snippet:-1, max-image-preview:large, max-video-preview:-1\" \/>\n<link rel=\"canonical\" href=\"http:\/\/bertrandallombert.com\/index.php\/contact\/\" \/>\n<meta property=\"og:locale\" content=\"en_US\" \/>\n<meta property=\"og:type\" content=\"article\" \/>\n<meta property=\"og:title\" content=\"contact - Portfolio\" \/>\n<meta property=\"og:description\" content=\"Conception p\u00e9dagogique \u2022 R\u00e9alisation de modules e-learning \u2022&nbsp;Cr\u00e9ation graphique print et web J&#8217;ai con\u00e7u pendant 25 ans des supports de communication visuelle prints et digitaux. J&#8217;ai cr\u00e9\u00e9 en 2013 une structure d&#8217;accompagnement et de formation inclusive \u00e0 l&#8217;entrepreneuriat culinaire. Je suis en mesure de concevoir aujourd&#8217;hui un parcours p\u00e9dagogique mixte associant modalit\u00e9s pr\u00e9sentielle, distancielle, animation &hellip; Continue reading &quot;contact&quot;\" \/>\n<meta property=\"og:url\" content=\"http:\/\/bertrandallombert.com\/index.php\/contact\/\" \/>\n<meta property=\"og:site_name\" content=\"Portfolio\" \/>\n<meta property=\"article:modified_time\" content=\"2020-10-15T11:49:15+00:00\" \/>\n<meta property=\"og:image\" content=\"http:\/\/bertrandallombert.com\/wp-content\/uploads\/2019\/03\/Oinions-1024x768.jpg\" \/>\n\t<meta property=\"og:image:width\" content=\"1024\" \/>\n\t<meta property=\"og:image:height\" content=\"768\" \/>\n\t<meta property=\"og:image:type\" content=\"image\/jpeg\" \/>\n<meta name=\"twitter:card\" content=\"summary_large_image\" \/>\n<meta name=\"twitter:label1\" content=\"Est. reading time\" \/>\n\t<meta name=\"twitter:data1\" content=\"1 minute\" \/>\n<script type=\"application\/ld+json\" class=\"yoast-schema-graph\">{\"@context\":\"https:\/\/schema.org\",\"@graph\":[{\"@type\":\"WebPage\",\"@id\":\"http:\/\/bertrandallombert.com\/index.php\/contact\/\",\"url\":\"http:\/\/bertrandallombert.com\/index.php\/contact\/\",\"name\":\"contact - Portfolio\",\"isPartOf\":{\"@id\":\"http:\/\/bertrandallombert.com\/#website\"},\"datePublished\":\"2019-02-20T17:29:24+00:00\",\"dateModified\":\"2020-10-15T11:49:15+00:00\",\"breadcrumb\":{\"@id\":\"http:\/\/bertrandallombert.com\/index.php\/contact\/#breadcrumb\"},\"inLanguage\":\"en-US\",\"potentialAction\":[{\"@type\":\"ReadAction\",\"target\":[\"http:\/\/bertrandallombert.com\/index.php\/contact\/\"]}]},{\"@type\":\"BreadcrumbList\",\"@id\":\"http:\/\/bertrandallombert.com\/index.php\/contact\/#breadcrumb\",\"itemListElement\":[{\"@type\":\"ListItem\",\"position\":1,\"name\":\"Accueil\",\"item\":\"https:\/\/bertrandallombert.com\/\"},{\"@type\":\"ListItem\",\"position\":2,\"name\":\"contact\"}]},{\"@type\":\"WebSite\",\"@id\":\"http:\/\/bertrandallombert.com\/#website\",\"url\":\"http:\/\/bertrandallombert.com\/\",\"name\":\"Portfolio\",\"description\":\"l&#039;oignon fait la force\",\"publisher\":{\"@id\":\"http:\/\/bertrandallombert.com\/#\/schema\/person\/8589d42fc20f2eec27c9b98006a65eab\"},\"potentialAction\":[{\"@type\":\"SearchAction\",\"target\":{\"@type\":\"EntryPoint\",\"urlTemplate\":\"http:\/\/bertrandallombert.com\/?s={search_term_string}\"},\"query-input\":\"required name=search_term_string\"}],\"inLanguage\":\"en-US\"},{\"@type\":[\"Person\",\"Organization\"],\"@id\":\"http:\/\/bertrandallombert.com\/#\/schema\/person\/8589d42fc20f2eec27c9b98006a65eab\",\"name\":\"Bertrand Allombert\",\"image\":{\"@type\":\"ImageObject\",\"inLanguage\":\"en-US\",\"@id\":\"http:\/\/bertrandallombert.com\/#\/schema\/person\/image\/\",\"url\":\"http:\/\/bertrandallombert.com\/wp-content\/uploads\/2022\/07\/oignon.png\",\"contentUrl\":\"http:\/\/bertrandallombert.com\/wp-content\/uploads\/2022\/07\/oignon.png\",\"width\":300,\"height\":238,\"caption\":\"Bertrand Allombert\"},\"logo\":{\"@id\":\"http:\/\/bertrandallombert.com\/#\/schema\/person\/image\/\"},\"sameAs\":[\"https:\/\/www.linkedin.com\/in\/bertrand-allombert\/\"]}]}<\/script>\n<!-- \/ Yoast SEO plugin. -->","yoast_head_json":{"title":"contact - Portfolio","robots":{"index":"index","follow":"follow","max-snippet":"max-snippet:-1","max-image-preview":"max-image-preview:large","max-video-preview":"max-video-preview:-1"},"canonical":"http:\/\/bertrandallombert.com\/index.php\/contact\/","og_locale":"en_US","og_type":"article","og_title":"contact - Portfolio","og_description":"Conception p\u00e9dagogique \u2022 R\u00e9alisation de modules e-learning \u2022&nbsp;Cr\u00e9ation graphique print et web J&#8217;ai con\u00e7u pendant 25 ans des supports de communication visuelle prints et digitaux. J&#8217;ai cr\u00e9\u00e9 en 2013 une structure d&#8217;accompagnement et de formation inclusive \u00e0 l&#8217;entrepreneuriat culinaire. Je suis en mesure de concevoir aujourd&#8217;hui un parcours p\u00e9dagogique mixte associant modalit\u00e9s pr\u00e9sentielle, distancielle, animation &hellip; Continue reading \"contact\"","og_url":"http:\/\/bertrandallombert.com\/index.php\/contact\/","og_site_name":"Portfolio","article_modified_time":"2020-10-15T11:49:15+00:00","og_image":[{"width":1024,"height":768,"url":"http:\/\/bertrandallombert.com\/wp-content\/uploads\/2019\/03\/Oinions-1024x768.jpg","type":"image\/jpeg"}],"twitter_card":"summary_large_image","twitter_misc":{"Est. reading time":"1 minute"},"schema":{"@context":"https:\/\/schema.org","@graph":[{"@type":"WebPage","@id":"http:\/\/bertrandallombert.com\/index.php\/contact\/","url":"http:\/\/bertrandallombert.com\/index.php\/contact\/","name":"contact - Portfolio","isPartOf":{"@id":"http:\/\/bertrandallombert.com\/#website"},"datePublished":"2019-02-20T17:29:24+00:00","dateModified":"2020-10-15T11:49:15+00:00","breadcrumb":{"@id":"http:\/\/bertrandallombert.com\/index.php\/contact\/#breadcrumb"},"inLanguage":"en-US","potentialAction":[{"@type":"ReadAction","target":["http:\/\/bertrandallombert.com\/index.php\/contact\/"]}]},{"@type":"BreadcrumbList","@id":"http:\/\/bertrandallombert.com\/index.php\/contact\/#breadcrumb","itemListElement":[{"@type":"ListItem","position":1,"name":"Accueil","item":"https:\/\/bertrandallombert.com\/"},{"@type":"ListItem","position":2,"name":"contact"}]},{"@type":"WebSite","@id":"http:\/\/bertrandallombert.com\/#website","url":"http:\/\/bertrandallombert.com\/","name":"Portfolio","description":"l&#039;oignon fait la force","publisher":{"@id":"http:\/\/bertrandallombert.com\/#\/schema\/person\/8589d42fc20f2eec27c9b98006a65eab"},"potentialAction":[{"@type":"SearchAction","target":{"@type":"EntryPoint","urlTemplate":"http:\/\/bertrandallombert.com\/?s={search_term_string}"},"query-input":"required name=search_term_string"}],"inLanguage":"en-US"},{"@type":["Person","Organization"],"@id":"http:\/\/bertrandallombert.com\/#\/schema\/person\/8589d42fc20f2eec27c9b98006a65eab","name":"Bertrand Allombert","image":{"@type":"ImageObject","inLanguage":"en-US","@id":"http:\/\/bertrandallombert.com\/#\/schema\/person\/image\/","url":"http:\/\/bertrandallombert.com\/wp-content\/uploads\/2022\/07\/oignon.png","contentUrl":"http:\/\/bertrandallombert.com\/wp-content\/uploads\/2022\/07\/oignon.png","width":300,"height":238,"caption":"Bertrand Allombert"},"logo":{"@id":"http:\/\/bertrandallombert.com\/#\/schema\/person\/image\/"},"sameAs":["https:\/\/www.linkedin.com\/in\/bertrand-allombert\/"]}]}},"_links":{"self":[{"href":"https:\/\/bertrandallombert.com\/index.php\/wp-json\/wp\/v2\/pages\/9"}],"collection":[{"href":"https:\/\/bertrandallombert.com\/index.php\/wp-json\/wp\/v2\/pages"}],"about":[{"href":"https:\/\/bertrandallombert.com\/index.php\/wp-json\/wp\/v2\/types\/page"}],"author":[{"embeddable":true,"href":"https:\/\/bertrandallombert.com\/index.php\/wp-json\/wp\/v2\/users\/1"}],"replies":[{"embeddable":true,"href":"https:\/\/bertrandallombert.com\/index.php\/wp-json\/wp\/v2\/comments?post=9"}],"version-history":[{"count":12,"href":"https:\/\/bertrandallombert.com\/index.php\/wp-json\/wp\/v2\/pages\/9\/revisions"}],"predecessor-version":[{"id":583,"href":"https:\/\/bertrandallombert.com\/index.php\/wp-json\/wp\/v2\/pages\/9\/revisions\/583"}],"wp:featuredmedia":[{"embeddable":true,"href":"https:\/\/bertrandallombert.com\/index.php\/wp-json\/wp\/v2\/media\/351"}],"wp:attachment":[{"href":"https:\/\/bertrandallombert.com\/index.php\/wp-json\/wp\/v2\/media?parent=9"}],"curies":[{"name":"wp","href":"https:\/\/api.w.org\/{rel}","templated":true}]}}